{"id":4519,"date":"2025-12-22T17:47:47","date_gmt":"2025-12-22T15:47:47","guid":{"rendered":"https:\/\/www.finnmachines.fi\/?post_type=product&#038;p=4519"},"modified":"2026-03-25T08:26:19","modified_gmt":"2026-03-25T06:26:19","slug":"kx280","status":"publish","type":"product","link":"https:\/\/www.finnmachines.fi\/en\/product\/kx280\/","title":{"rendered":"KX280 Energiakoura"},"content":{"rendered":"<p>KX280<\/p>\n<ul>\n<li>paino 300 kg<\/li>\n<li>6-15 tonnin koneille<\/li>\n<li>avautuu 890 mm<\/li>\n<li>katkaisee 280 mm<\/li>\n<li>takuu 12 kuukautta<\/li>\n<li>Saatavilla kaikilla yleisimmill\u00e4 kiinnikkeill\u00e4<\/li>\n<\/ul>\n<p>Saatavat lis\u00e4varusteet:<\/p>\n<ul>\n<li>Ker\u00e4ilij\u00e4<\/li>\n<li>Ker\u00e4ilij\u00e4 venttiili (mahdollistaa kouran k\u00e4ytt\u00f6 ker\u00e4ilij\u00e4ll\u00e4, yhdell\u00e4 kaks-toimisella lis\u00e4hydrauliikkaa)<\/li>\n<li>Kaatotuki<\/li>\n<\/ul>\n","protected":false},"excerpt":{"rendered":"<p>KX280 paino 300 kg 6-15 tonnin koneille avautuu 890 mm katkaisee 280 mm takuu 12 kuukautta Saatavilla kaikilla yleisimmill\u00e4 kiinnikkeill\u00e4 Saatavat lis\u00e4varusteet: Ker\u00e4ilij\u00e4 Ker\u00e4ilij\u00e4 venttiili (mahdollistaa kouran k\u00e4ytt\u00f6 ker\u00e4ilij\u00e4ll\u00e4, yhdell\u00e4 kaks-toimisella lis\u00e4hydrauliikkaa) Kaatotuki<\/p>\n","protected":false},"featured_media":7543,"comment_status":"open","ping_status":"closed","template":"","meta":{"_acf_changed":false,"site-sidebar-layout":"default","site-content-layout":"","ast-site-content-layout":"default","site-content-style":"default","site-sidebar-style":"default","ast-global-header-display":"","ast-banner-title-visibility":"","ast-main-header-display":"","ast-hfb-above-header-display":"","ast-hfb-below-header-display":"","ast-hfb-mobile-header-display":"","site-post-title":"","ast-breadcrumbs-content":"","ast-featured-img":"","footer-sml-layout":"","ast-disable-related-posts":"","theme-transparent-header-meta":"default","adv-header-id-meta":"","stick-header-meta":"","header-above-stick-meta":"","header-main-stick-meta":"","header-below-stick-meta":"","astra-migrate-meta-layouts":"set","ast-page-background-enabled":"default","ast-page-background-meta":{"desktop":{"background-color":"","background-image":"","background-repeat":"repeat","background-position":"center center","background-size":"auto","background-attachment":"scroll","background-type":"","background-media":"","overlay-type":"","overlay-color":"","overlay-opacity":"","overlay-gradient":""},"tablet":{"background-color":"","background-image":"","background-repeat":"repeat","background-position":"center center","background-size":"auto","background-attachment":"scroll","background-type":"","background-media":"","overlay-type":"","overlay-color":"","overlay-opacity":"","overlay-gradient":""},"mobile":{"background-color":"","background-image":"","background-repeat":"repeat","background-position":"center center","background-size":"auto","background-attachment":"scroll","background-type":"","background-media":"","overlay-type":"","overlay-color":"","overlay-opacity":"","overlay-gradient":""}},"ast-content-background-meta":{"desktop":{"background-color":"var(--ast-global-color-5)","background-image":"","background-repeat":"repeat","background-position":"center center","background-size":"auto","background-attachment":"scroll","background-type":"","background-media":"","overlay-type":"","overlay-color":"","overlay-opacity":"","overlay-gradient":""},"tablet":{"background-color":"var(--ast-global-color-5)","background-image":"","background-repeat":"repeat","background-position":"center center","background-size":"auto","background-attachment":"scroll","background-type":"","background-media":"","overlay-type":"","overlay-color":"","overlay-opacity":"","overlay-gradient":""},"mobile":{"background-color":"var(--ast-global-color-5)","background-image":"","background-repeat":"repeat","background-position":"center center","background-size":"auto","background-attachment":"scroll","background-type":"","background-media":"","overlay-type":"","overlay-color":"","overlay-opacity":"","overlay-gradient":""}}},"product_brand":[173],"product_cat":[160,158],"product_tag":[],"class_list":{"0":"post-4519","1":"product","2":"type-product","3":"status-publish","4":"has-post-thumbnail","6":"product_brand-kx-treeshears","7":"product_cat-tree-shears","8":"product_cat-attachments","9":"desktop-align-left","10":"tablet-align-left","11":"mobile-align-left","13":"first","14":"instock","15":"taxable","16":"shipping-taxable","17":"purchasable","18":"product-type-simple"},"acf":[],"_links":{"self":[{"href":"https:\/\/www.finnmachines.fi\/en\/wp-json\/wp\/v2\/product\/4519","targetHints":{"allow":["GET"]}}],"collection":[{"href":"https:\/\/www.finnmachines.fi\/en\/wp-json\/wp\/v2\/product"}],"about":[{"href":"https:\/\/www.finnmachines.fi\/en\/wp-json\/wp\/v2\/types\/product"}],"replies":[{"embeddable":true,"href":"https:\/\/www.finnmachines.fi\/en\/wp-json\/wp\/v2\/comments?post=4519"}],"version-history":[{"count":5,"href":"https:\/\/www.finnmachines.fi\/en\/wp-json\/wp\/v2\/product\/4519\/revisions"}],"predecessor-version":[{"id":4976,"href":"https:\/\/www.finnmachines.fi\/en\/wp-json\/wp\/v2\/product\/4519\/revisions\/4976"}],"wp:featuredmedia":[{"embeddable":true,"href":"https:\/\/www.finnmachines.fi\/en\/wp-json\/wp\/v2\/media\/7543"}],"wp:attachment":[{"href":"https:\/\/www.finnmachines.fi\/en\/wp-json\/wp\/v2\/media?parent=4519"}],"wp:term":[{"taxonomy":"product_brand","embeddable":true,"href":"https:\/\/www.finnmachines.fi\/en\/wp-json\/wp\/v2\/product_brand?post=4519"},{"taxonomy":"product_cat","embeddable":true,"href":"https:\/\/www.finnmachines.fi\/en\/wp-json\/wp\/v2\/product_cat?post=4519"},{"taxonomy":"product_tag","embeddable":true,"href":"https:\/\/www.finnmachines.fi\/en\/wp-json\/wp\/v2\/product_tag?post=4519"}],"curies":[{"name":"wp","href":"https:\/\/api.w.org\/{rel}","templated":true}]}}