{"id":5095,"date":"2026-01-09T19:17:14","date_gmt":"2026-01-09T17:17:14","guid":{"rendered":"https:\/\/www.finnmachines.fi\/?post_type=product&#038;p=5095"},"modified":"2026-02-16T10:47:11","modified_gmt":"2026-02-16T08:47:11","slug":"valmet-911-3","status":"publish","type":"product","link":"https:\/\/www.finnmachines.fi\/en\/product\/valmet-911-3\/","title":{"rendered":"Valmet 911.3"},"content":{"rendered":"<p>Siistikuntoinen harvesteri!<\/p>\n<ul>\n<li>Valmet 911.3<\/li>\n<li>S\/N: 311353<\/li>\n<li>2005<\/li>\n<li>Ajettu 19200h<\/li>\n<li>Telat ja ketju<\/li>\n<li>350 koura<\/li>\n<\/ul>\n<p>Kes\u00e4ll\u00e4 2025 tehdyt remontit: vetolevy vaihdettu ja samalla ty\u00f6pumppu kunnostettu, sy\u00f6tt\u00f6pumppu kunnostettu ja uusi webasto asennettu. Tietokone p\u00e4ivitetty syksyll\u00e4 2025. K\u00e4\u00e4nt\u00f6keh\u00e4 uusittu 16700h kohdalla. Nosturin k\u00e4\u00e4nt\u00f6vaihde uusittu 12443h kohdalla.<\/p>\n<p>&nbsp;<\/p>\n","protected":false},"excerpt":{"rendered":"<p>Siistikuntoinen harvesteri! Valmet 911.3 S\/N: 311353 2005 Ajettu 19200h Telat ja ketju 350 koura Kes\u00e4ll\u00e4 2025 tehdyt remontit: vetolevy vaihdettu ja samalla ty\u00f6pumppu kunnostettu, sy\u00f6tt\u00f6pumppu kunnostettu ja uusi webasto asennettu. Tietokone p\u00e4ivitetty syksyll\u00e4 2025. K\u00e4\u00e4nt\u00f6keh\u00e4 uusittu 16700h kohdalla. Nosturin k\u00e4\u00e4nt\u00f6vaihde uusittu 12443h kohdalla. &nbsp;<\/p>\n","protected":false},"featured_media":5123,"comment_status":"open","ping_status":"closed","template":"","meta":{"_acf_changed":false,"site-sidebar-layout":"default","site-content-layout":"","ast-site-content-layout":"default","site-content-style":"default","site-sidebar-style":"default","ast-global-header-display":"","ast-banner-title-visibility":"","ast-main-header-display":"","ast-hfb-above-header-display":"","ast-hfb-below-header-display":"","ast-hfb-mobile-header-display":"","site-post-title":"","ast-breadcrumbs-content":"","ast-featured-img":"","footer-sml-layout":"","ast-disable-related-posts":"","theme-transparent-header-meta":"default","adv-header-id-meta":"","stick-header-meta":"","header-above-stick-meta":"","header-main-stick-meta":"","header-below-stick-meta":"","astra-migrate-meta-layouts":"set","ast-page-background-enabled":"default","ast-page-background-meta":{"desktop":{"background-color":"","background-image":"","background-repeat":"repeat","background-position":"center center","background-size":"auto","background-attachment":"scroll","background-type":"","background-media":"","overlay-type":"","overlay-color":"","overlay-opacity":"","overlay-gradient":""},"tablet":{"background-color":"","background-image":"","background-repeat":"repeat","background-position":"center center","background-size":"auto","background-attachment":"scroll","background-type":"","background-media":"","overlay-type":"","overlay-color":"","overlay-opacity":"","overlay-gradient":""},"mobile":{"background-color":"","background-image":"","background-repeat":"repeat","background-position":"center center","background-size":"auto","background-attachment":"scroll","background-type":"","background-media":"","overlay-type":"","overlay-color":"","overlay-opacity":"","overlay-gradient":""}},"ast-content-background-meta":{"desktop":{"background-color":"var(--ast-global-color-5)","background-image":"","background-repeat":"repeat","background-position":"center center","background-size":"auto","background-attachment":"scroll","background-type":"","background-media":"","overlay-type":"","overlay-color":"","overlay-opacity":"","overlay-gradient":""},"tablet":{"background-color":"var(--ast-global-color-5)","background-image":"","background-repeat":"repeat","background-position":"center center","background-size":"auto","background-attachment":"scroll","background-type":"","background-media":"","overlay-type":"","overlay-color":"","overlay-opacity":"","overlay-gradient":""},"mobile":{"background-color":"var(--ast-global-color-5)","background-image":"","background-repeat":"repeat","background-position":"center center","background-size":"auto","background-attachment":"scroll","background-type":"","background-media":"","overlay-type":"","overlay-color":"","overlay-opacity":"","overlay-gradient":""}}},"product_brand":[],"product_cat":[156,157],"product_tag":[],"class_list":{"0":"post-5095","1":"product","2":"type-product","3":"status-publish","4":"has-post-thumbnail","6":"product_cat-machines","7":"product_cat-forestry","8":"desktop-align-left","9":"tablet-align-left","10":"mobile-align-left","12":"first","13":"instock","14":"taxable","15":"shipping-taxable","16":"purchasable","17":"product-type-simple"},"acf":[],"_links":{"self":[{"href":"https:\/\/www.finnmachines.fi\/en\/wp-json\/wp\/v2\/product\/5095","targetHints":{"allow":["GET"]}}],"collection":[{"href":"https:\/\/www.finnmachines.fi\/en\/wp-json\/wp\/v2\/product"}],"about":[{"href":"https:\/\/www.finnmachines.fi\/en\/wp-json\/wp\/v2\/types\/product"}],"replies":[{"embeddable":true,"href":"https:\/\/www.finnmachines.fi\/en\/wp-json\/wp\/v2\/comments?post=5095"}],"version-history":[{"count":4,"href":"https:\/\/www.finnmachines.fi\/en\/wp-json\/wp\/v2\/product\/5095\/revisions"}],"predecessor-version":[{"id":5205,"href":"https:\/\/www.finnmachines.fi\/en\/wp-json\/wp\/v2\/product\/5095\/revisions\/5205"}],"wp:featuredmedia":[{"embeddable":true,"href":"https:\/\/www.finnmachines.fi\/en\/wp-json\/wp\/v2\/media\/5123"}],"wp:attachment":[{"href":"https:\/\/www.finnmachines.fi\/en\/wp-json\/wp\/v2\/media?parent=5095"}],"wp:term":[{"taxonomy":"product_brand","embeddable":true,"href":"https:\/\/www.finnmachines.fi\/en\/wp-json\/wp\/v2\/product_brand?post=5095"},{"taxonomy":"product_cat","embeddable":true,"href":"https:\/\/www.finnmachines.fi\/en\/wp-json\/wp\/v2\/product_cat?post=5095"},{"taxonomy":"product_tag","embeddable":true,"href":"https:\/\/www.finnmachines.fi\/en\/wp-json\/wp\/v2\/product_tag?post=5095"}],"curies":[{"name":"wp","href":"https:\/\/api.w.org\/{rel}","templated":true}]}}