{"id":5984,"date":"2026-01-20T23:22:24","date_gmt":"2026-01-20T21:22:24","guid":{"rendered":"https:\/\/www.finnmachines.fi\/?post_type=product&#038;p=5984"},"modified":"2026-04-30T23:20:41","modified_gmt":"2026-04-30T20:20:41","slug":"tasauskauha-2650mm-s60","status":"publish","type":"product","link":"https:\/\/www.finnmachines.fi\/en\/product\/tasauskauha-2650mm-s60\/","title":{"rendered":"Tasauskauha 2650mm S60"},"content":{"rendered":"<p data-start=\"220\" data-end=\"453\">Leve\u00e4 ja monik\u00e4ytt\u00f6inen kauha, joka soveltuu erinomaisesti sek\u00e4 ojien puhdistukseen ett\u00e4 maan tasaukseen.\u00a0Leve\u00e4 2650 mm ty\u00f6skentelyalue mahdollistaa nopean etenemisen pitkill\u00e4 ojaosuuksilla sek\u00e4 siistin ja tasaisen lopputuloksen viimeistelyt\u00f6iss\u00e4.<\/p>\n<ul>\n<li data-start=\"455\" data-end=\"596\">S60 kiinnike<\/li>\n<li data-start=\"455\" data-end=\"596\">Huulileveys 2650mm<\/li>\n<li data-start=\"455\" data-end=\"596\">Huulilevyn paksuus 25mm<\/li>\n<li data-start=\"455\" data-end=\"596\">Paino 700kg<\/li>\n<li data-start=\"455\" data-end=\"596\">Tilavuus 1000 ltr<\/li>\n<\/ul>\n","protected":false},"excerpt":{"rendered":"<p>Leve\u00e4 ja monik\u00e4ytt\u00f6inen kauha, joka soveltuu erinomaisesti sek\u00e4 ojien puhdistukseen ett\u00e4 maan tasaukseen.\u00a0Leve\u00e4 2650 mm ty\u00f6skentelyalue mahdollistaa nopean etenemisen pitkill\u00e4 ojaosuuksilla sek\u00e4 siistin ja tasaisen lopputuloksen viimeistelyt\u00f6iss\u00e4. S60 kiinnike Huulileveys 2650mm Huulilevyn paksuus 25mm Paino 700kg Tilavuus 1000 ltr<\/p>\n","protected":false},"featured_media":7570,"comment_status":"open","ping_status":"closed","template":"","meta":{"_acf_changed":false,"site-sidebar-layout":"default","site-content-layout":"","ast-site-content-layout":"default","site-content-style":"default","site-sidebar-style":"default","ast-global-header-display":"","ast-banner-title-visibility":"","ast-main-header-display":"","ast-hfb-above-header-display":"","ast-hfb-below-header-display":"","ast-hfb-mobile-header-display":"","site-post-title":"","ast-breadcrumbs-content":"","ast-featured-img":"","footer-sml-layout":"","ast-disable-related-posts":"","theme-transparent-header-meta":"default","adv-header-id-meta":"","stick-header-meta":"","header-above-stick-meta":"","header-main-stick-meta":"","header-below-stick-meta":"","astra-migrate-meta-layouts":"set","ast-page-background-enabled":"default","ast-page-background-meta":{"desktop":{"background-color":"","background-image":"","background-repeat":"repeat","background-position":"center center","background-size":"auto","background-attachment":"scroll","background-type":"","background-media":"","overlay-type":"","overlay-color":"","overlay-opacity":"","overlay-gradient":""},"tablet":{"background-color":"","background-image":"","background-repeat":"repeat","background-position":"center center","background-size":"auto","background-attachment":"scroll","background-type":"","background-media":"","overlay-type":"","overlay-color":"","overlay-opacity":"","overlay-gradient":""},"mobile":{"background-color":"","background-image":"","background-repeat":"repeat","background-position":"center center","background-size":"auto","background-attachment":"scroll","background-type":"","background-media":"","overlay-type":"","overlay-color":"","overlay-opacity":"","overlay-gradient":""}},"ast-content-background-meta":{"desktop":{"background-color":"var(--ast-global-color-5)","background-image":"","background-repeat":"repeat","background-position":"center center","background-size":"auto","background-attachment":"scroll","background-type":"","background-media":"","overlay-type":"","overlay-color":"","overlay-opacity":"","overlay-gradient":""},"tablet":{"background-color":"var(--ast-global-color-5)","background-image":"","background-repeat":"repeat","background-position":"center center","background-size":"auto","background-attachment":"scroll","background-type":"","background-media":"","overlay-type":"","overlay-color":"","overlay-opacity":"","overlay-gradient":""},"mobile":{"background-color":"var(--ast-global-color-5)","background-image":"","background-repeat":"repeat","background-position":"center center","background-size":"auto","background-attachment":"scroll","background-type":"","background-media":"","overlay-type":"","overlay-color":"","overlay-opacity":"","overlay-gradient":""}}},"product_brand":[69],"product_cat":[68,158,187],"product_tag":[],"class_list":{"0":"post-5984","1":"product","2":"type-product","3":"status-publish","4":"has-post-thumbnail","6":"product_brand-latvala","7":"product_cat-buckets","8":"product_cat-attachments","9":"product_cat-leveling-buckets","10":"desktop-align-left","11":"tablet-align-left","12":"mobile-align-left","14":"first","15":"instock","16":"taxable","17":"shipping-taxable","18":"purchasable","19":"product-type-simple"},"acf":[],"_links":{"self":[{"href":"https:\/\/www.finnmachines.fi\/en\/wp-json\/wp\/v2\/product\/5984","targetHints":{"allow":["GET"]}}],"collection":[{"href":"https:\/\/www.finnmachines.fi\/en\/wp-json\/wp\/v2\/product"}],"about":[{"href":"https:\/\/www.finnmachines.fi\/en\/wp-json\/wp\/v2\/types\/product"}],"replies":[{"embeddable":true,"href":"https:\/\/www.finnmachines.fi\/en\/wp-json\/wp\/v2\/comments?post=5984"}],"version-history":[{"count":4,"href":"https:\/\/www.finnmachines.fi\/en\/wp-json\/wp\/v2\/product\/5984\/revisions"}],"predecessor-version":[{"id":7603,"href":"https:\/\/www.finnmachines.fi\/en\/wp-json\/wp\/v2\/product\/5984\/revisions\/7603"}],"wp:featuredmedia":[{"embeddable":true,"href":"https:\/\/www.finnmachines.fi\/en\/wp-json\/wp\/v2\/media\/7570"}],"wp:attachment":[{"href":"https:\/\/www.finnmachines.fi\/en\/wp-json\/wp\/v2\/media?parent=5984"}],"wp:term":[{"taxonomy":"product_brand","embeddable":true,"href":"https:\/\/www.finnmachines.fi\/en\/wp-json\/wp\/v2\/product_brand?post=5984"},{"taxonomy":"product_cat","embeddable":true,"href":"https:\/\/www.finnmachines.fi\/en\/wp-json\/wp\/v2\/product_cat?post=5984"},{"taxonomy":"product_tag","embeddable":true,"href":"https:\/\/www.finnmachines.fi\/en\/wp-json\/wp\/v2\/product_tag?post=5984"}],"curies":[{"name":"wp","href":"https:\/\/api.w.org\/{rel}","templated":true}]}}