{"id":6230,"date":"2026-02-03T09:15:23","date_gmt":"2026-02-03T07:15:23","guid":{"rendered":"https:\/\/www.finnmachines.fi\/?post_type=product&#038;p=6230"},"modified":"2026-03-09T12:34:28","modified_gmt":"2026-03-09T10:34:28","slug":"salaojakauha-400-890mm-s60","status":"publish","type":"product","link":"https:\/\/www.finnmachines.fi\/en\/product\/salaojakauha-400-890mm-s60\/","title":{"rendered":"Salaojakauha 400-800mm S60"},"content":{"rendered":"<p>J\u00e4re\u00e4 kotimainen salaojakauha!<\/p>\n<p data-start=\"33\" data-end=\"247\">Kest\u00e4v\u00e4 salaojakauha kaivinkoneisiin, joissa on <strong data-start=\"81\" data-end=\"101\">S60-pikakiinnike<\/strong>. Soveltuu erinomaisesti <strong data-start=\"126\" data-end=\"175\">salaojien, kaapeli- ja putkiojien kaivamiseen<\/strong>. Kapea huulileveys mahdollistaa tarkan kaivun ja siistin lopputuloksen.<\/p>\n<p data-start=\"249\" data-end=\"260\"><strong data-start=\"249\" data-end=\"260\">Tiedot:<\/strong><\/p>\n<ul>\n<li data-start=\"263\" data-end=\"288\">Huulileveys: <strong data-start=\"276\" data-end=\"286\">400 mm<\/strong><\/li>\n<li data-start=\"291\" data-end=\"314\">Yl\u00e4leveys: <strong data-start=\"302\" data-end=\"312\">800 mm<\/strong><\/li>\n<li data-start=\"317\" data-end=\"336\">Kiinnike: <strong data-start=\"327\" data-end=\"334\">S60<\/strong><\/li>\n<li data-start=\"317\" data-end=\"336\">Tilavuus <strong>450 l<\/strong><\/li>\n<li data-start=\"317\" data-end=\"336\">Paino<strong> 420 kg<\/strong><\/li>\n<li data-start=\"339\" data-end=\"375\">Vahva ja kulutusta kest\u00e4v\u00e4 rakenne<\/li>\n<li>Tasainen 20mm Hardox pohja<\/li>\n<li>Konesuositus 13-20 ton<\/li>\n<\/ul>\n<p data-start=\"377\" data-end=\"422\" data-is-last-node=\"\" data-is-only-node=\"\">Luotettava kauha <strong data-start=\"394\" data-end=\"418\">tarkkaan ojankaivuun<\/strong>.<\/p>\n","protected":false},"excerpt":{"rendered":"<p>J\u00e4re\u00e4 kotimainen salaojakauha! Kest\u00e4v\u00e4 salaojakauha kaivinkoneisiin, joissa on S60-pikakiinnike. Soveltuu erinomaisesti salaojien, kaapeli- ja putkiojien kaivamiseen. Kapea huulileveys mahdollistaa tarkan kaivun ja siistin lopputuloksen. Tiedot: Huulileveys: 400 mm Yl\u00e4leveys: 800 mm Kiinnike: S60 Tilavuus 450 l Paino 420 kg Vahva ja kulutusta kest\u00e4v\u00e4 rakenne Tasainen 20mm Hardox pohja Konesuositus 13-20 ton Luotettava kauha tarkkaan ojankaivuun.<\/p>\n","protected":false},"featured_media":7349,"comment_status":"open","ping_status":"closed","template":"","meta":{"_acf_changed":false,"site-sidebar-layout":"default","site-content-layout":"","ast-site-content-layout":"default","site-content-style":"default","site-sidebar-style":"default","ast-global-header-display":"","ast-banner-title-visibility":"","ast-main-header-display":"","ast-hfb-above-header-display":"","ast-hfb-below-header-display":"","ast-hfb-mobile-header-display":"","site-post-title":"","ast-breadcrumbs-content":"","ast-featured-img":"","footer-sml-layout":"","ast-disable-related-posts":"","theme-transparent-header-meta":"default","adv-header-id-meta":"","stick-header-meta":"","header-above-stick-meta":"","header-main-stick-meta":"","header-below-stick-meta":"","astra-migrate-meta-layouts":"set","ast-page-background-enabled":"default","ast-page-background-meta":{"desktop":{"background-color":"","background-image":"","background-repeat":"repeat","background-position":"center center","background-size":"auto","background-attachment":"scroll","background-type":"","background-media":"","overlay-type":"","overlay-color":"","overlay-opacity":"","overlay-gradient":""},"tablet":{"background-color":"","background-image":"","background-repeat":"repeat","background-position":"center center","background-size":"auto","background-attachment":"scroll","background-type":"","background-media":"","overlay-type":"","overlay-color":"","overlay-opacity":"","overlay-gradient":""},"mobile":{"background-color":"","background-image":"","background-repeat":"repeat","background-position":"center center","background-size":"auto","background-attachment":"scroll","background-type":"","background-media":"","overlay-type":"","overlay-color":"","overlay-opacity":"","overlay-gradient":""}},"ast-content-background-meta":{"desktop":{"background-color":"var(--ast-global-color-5)","background-image":"","background-repeat":"repeat","background-position":"center center","background-size":"auto","background-attachment":"scroll","background-type":"","background-media":"","overlay-type":"","overlay-color":"","overlay-opacity":"","overlay-gradient":""},"tablet":{"background-color":"var(--ast-global-color-5)","background-image":"","background-repeat":"repeat","background-position":"center center","background-size":"auto","background-attachment":"scroll","background-type":"","background-media":"","overlay-type":"","overlay-color":"","overlay-opacity":"","overlay-gradient":""},"mobile":{"background-color":"var(--ast-global-color-5)","background-image":"","background-repeat":"repeat","background-position":"center center","background-size":"auto","background-attachment":"scroll","background-type":"","background-media":"","overlay-type":"","overlay-color":"","overlay-opacity":"","overlay-gradient":""}}},"product_brand":[69],"product_cat":[163,68,158],"product_tag":[],"class_list":{"0":"post-6230","1":"product","2":"type-product","3":"status-publish","4":"has-post-thumbnail","6":"product_brand-latvala","7":"product_cat-cable-buckets","8":"product_cat-buckets","9":"product_cat-attachments","10":"desktop-align-left","11":"tablet-align-left","12":"mobile-align-left","14":"first","15":"instock","16":"taxable","17":"shipping-taxable","18":"purchasable","19":"product-type-simple"},"acf":[],"_links":{"self":[{"href":"https:\/\/www.finnmachines.fi\/en\/wp-json\/wp\/v2\/product\/6230","targetHints":{"allow":["GET"]}}],"collection":[{"href":"https:\/\/www.finnmachines.fi\/en\/wp-json\/wp\/v2\/product"}],"about":[{"href":"https:\/\/www.finnmachines.fi\/en\/wp-json\/wp\/v2\/types\/product"}],"replies":[{"embeddable":true,"href":"https:\/\/www.finnmachines.fi\/en\/wp-json\/wp\/v2\/comments?post=6230"}],"version-history":[{"count":6,"href":"https:\/\/www.finnmachines.fi\/en\/wp-json\/wp\/v2\/product\/6230\/revisions"}],"predecessor-version":[{"id":7373,"href":"https:\/\/www.finnmachines.fi\/en\/wp-json\/wp\/v2\/product\/6230\/revisions\/7373"}],"wp:featuredmedia":[{"embeddable":true,"href":"https:\/\/www.finnmachines.fi\/en\/wp-json\/wp\/v2\/media\/7349"}],"wp:attachment":[{"href":"https:\/\/www.finnmachines.fi\/en\/wp-json\/wp\/v2\/media?parent=6230"}],"wp:term":[{"taxonomy":"product_brand","embeddable":true,"href":"https:\/\/www.finnmachines.fi\/en\/wp-json\/wp\/v2\/product_brand?post=6230"},{"taxonomy":"product_cat","embeddable":true,"href":"https:\/\/www.finnmachines.fi\/en\/wp-json\/wp\/v2\/product_cat?post=6230"},{"taxonomy":"product_tag","embeddable":true,"href":"https:\/\/www.finnmachines.fi\/en\/wp-json\/wp\/v2\/product_tag?post=6230"}],"curies":[{"name":"wp","href":"https:\/\/api.w.org\/{rel}","templated":true}]}}