{"id":6457,"date":"2026-02-06T16:39:25","date_gmt":"2026-02-06T14:39:25","guid":{"rendered":"https:\/\/www.finnmachines.fi\/?post_type=product&#038;p=6457"},"modified":"2026-02-16T10:36:58","modified_gmt":"2026-02-16T08:36:58","slug":"luiskakauha-1250mm-s40","status":"publish","type":"product","link":"https:\/\/www.finnmachines.fi\/en\/product\/luiskakauha-1250mm-s40\/","title":{"rendered":"Luiskakauha 1250mm S40"},"content":{"rendered":"<p>K\u00e4ytetty 1250mm leve\u00e4 luiskakauha, S40 kiinnikkeell\u00e4. Pultatulla huulilevyll\u00e4.<\/p>\n","protected":false},"excerpt":{"rendered":"<p>K\u00e4ytetty 1250mm leve\u00e4 luiskakauha, S40 kiinnikkeell\u00e4. Pultatulla huulilevyll\u00e4.<\/p>\n","protected":false},"featured_media":6460,"comment_status":"open","ping_status":"closed","template":"","meta":{"_acf_changed":false,"site-sidebar-layout":"default","site-content-layout":"","ast-site-content-layout":"default","site-content-style":"default","site-sidebar-style":"default","ast-global-header-display":"","ast-banner-title-visibility":"","ast-main-header-display":"","ast-hfb-above-header-display":"","ast-hfb-below-header-display":"","ast-hfb-mobile-header-display":"","site-post-title":"","ast-breadcrumbs-content":"","ast-featured-img":"","footer-sml-layout":"","ast-disable-related-posts":"","theme-transparent-header-meta":"default","adv-header-id-meta":"","stick-header-meta":"","header-above-stick-meta":"","header-main-stick-meta":"","header-below-stick-meta":"","astra-migrate-meta-layouts":"set","ast-page-background-enabled":"default","ast-page-background-meta":{"desktop":{"background-color":"","background-image":"","background-repeat":"repeat","background-position":"center center","background-size":"auto","background-attachment":"scroll","background-type":"","background-media":"","overlay-type":"","overlay-color":"","overlay-opacity":"","overlay-gradient":""},"tablet":{"background-color":"","background-image":"","background-repeat":"repeat","background-position":"center center","background-size":"auto","background-attachment":"scroll","background-type":"","background-media":"","overlay-type":"","overlay-color":"","overlay-opacity":"","overlay-gradient":""},"mobile":{"background-color":"","background-image":"","background-repeat":"repeat","background-position":"center center","background-size":"auto","background-attachment":"scroll","background-type":"","background-media":"","overlay-type":"","overlay-color":"","overlay-opacity":"","overlay-gradient":""}},"ast-content-background-meta":{"desktop":{"background-color":"var(--ast-global-color-5)","background-image":"","background-repeat":"repeat","background-position":"center center","background-size":"auto","background-attachment":"scroll","background-type":"","background-media":"","overlay-type":"","overlay-color":"","overlay-opacity":"","overlay-gradient":""},"tablet":{"background-color":"var(--ast-global-color-5)","background-image":"","background-repeat":"repeat","background-position":"center center","background-size":"auto","background-attachment":"scroll","background-type":"","background-media":"","overlay-type":"","overlay-color":"","overlay-opacity":"","overlay-gradient":""},"mobile":{"background-color":"var(--ast-global-color-5)","background-image":"","background-repeat":"repeat","background-position":"center center","background-size":"auto","background-attachment":"scroll","background-type":"","background-media":"","overlay-type":"","overlay-color":"","overlay-opacity":"","overlay-gradient":""}}},"product_brand":[],"product_cat":[165],"product_tag":[],"class_list":{"0":"post-6457","1":"product","2":"type-product","3":"status-publish","4":"has-post-thumbnail","6":"product_cat-used-buckets","7":"desktop-align-left","8":"tablet-align-left","9":"mobile-align-left","11":"first","12":"instock","13":"taxable","14":"shipping-taxable","15":"purchasable","16":"product-type-simple"},"acf":[],"_links":{"self":[{"href":"https:\/\/www.finnmachines.fi\/en\/wp-json\/wp\/v2\/product\/6457","targetHints":{"allow":["GET"]}}],"collection":[{"href":"https:\/\/www.finnmachines.fi\/en\/wp-json\/wp\/v2\/product"}],"about":[{"href":"https:\/\/www.finnmachines.fi\/en\/wp-json\/wp\/v2\/types\/product"}],"replies":[{"embeddable":true,"href":"https:\/\/www.finnmachines.fi\/en\/wp-json\/wp\/v2\/comments?post=6457"}],"version-history":[{"count":3,"href":"https:\/\/www.finnmachines.fi\/en\/wp-json\/wp\/v2\/product\/6457\/revisions"}],"predecessor-version":[{"id":6466,"href":"https:\/\/www.finnmachines.fi\/en\/wp-json\/wp\/v2\/product\/6457\/revisions\/6466"}],"wp:featuredmedia":[{"embeddable":true,"href":"https:\/\/www.finnmachines.fi\/en\/wp-json\/wp\/v2\/media\/6460"}],"wp:attachment":[{"href":"https:\/\/www.finnmachines.fi\/en\/wp-json\/wp\/v2\/media?parent=6457"}],"wp:term":[{"taxonomy":"product_brand","embeddable":true,"href":"https:\/\/www.finnmachines.fi\/en\/wp-json\/wp\/v2\/product_brand?post=6457"},{"taxonomy":"product_cat","embeddable":true,"href":"https:\/\/www.finnmachines.fi\/en\/wp-json\/wp\/v2\/product_cat?post=6457"},{"taxonomy":"product_tag","embeddable":true,"href":"https:\/\/www.finnmachines.fi\/en\/wp-json\/wp\/v2\/product_tag?post=6457"}],"curies":[{"name":"wp","href":"https:\/\/api.w.org\/{rel}","templated":true}]}}