{"id":7260,"date":"2026-03-04T12:32:22","date_gmt":"2026-03-04T10:32:22","guid":{"rendered":"https:\/\/www.finnmachines.fi\/?post_type=product&#038;p=7260"},"modified":"2026-03-20T09:43:09","modified_gmt":"2026-03-20T07:43:09","slug":"engon-ec226-s70-s70-pihdilla","status":"publish","type":"product","link":"https:\/\/www.finnmachines.fi\/en\/product\/engon-ec226-s70-s70-pihdilla\/","title":{"rendered":"Engcon EC226 S70-S70 Pihdill\u00e4"},"content":{"rendered":"<p>Hyv\u00e4kuntoinen pihtitiltti, rasvarilinjat<span style=\"font-size: 16px; font-style: normal; font-weight: 400;\">, Q-safe<\/span><span style=\"font-size: 16px;\">, lis\u00e4hydrauliikka, DC2 piuha, 2-letkuinen, propo-ohjattu, vm 2016.<\/span><\/p>\n<p>2\/2026<\/p>\n<ul>\n<li>Uudet tapit, puslat ja laakerit pihtikasetissa<\/li>\n<li>Puslat uusittu tiltiss\u00e4<\/li>\n<li>Uudet laakerit, tapit ja puslat sylintereiss\u00e4<\/li>\n<\/ul>\n<p>Tiivis py\u00f6ritt\u00e4j\u00e4, ei hitsattu.<\/p>\n","protected":false},"excerpt":{"rendered":"<p>Hyv\u00e4kuntoinen pihtitiltti, rasvarilinjat, Q-safe, lis\u00e4hydrauliikka, DC2 piuha, 2-letkuinen, propo-ohjattu, vm 2016. 2\/2026 Uudet tapit, puslat ja laakerit pihtikasetissa Puslat uusittu tiltiss\u00e4 Uudet laakerit, tapit ja puslat sylintereiss\u00e4 Tiivis py\u00f6ritt\u00e4j\u00e4, ei hitsattu.<\/p>\n","protected":false},"featured_media":7262,"comment_status":"open","ping_status":"closed","template":"","meta":{"_acf_changed":false,"site-sidebar-layout":"default","site-content-layout":"","ast-site-content-layout":"default","site-content-style":"default","site-sidebar-style":"default","ast-global-header-display":"","ast-banner-title-visibility":"","ast-main-header-display":"","ast-hfb-above-header-display":"","ast-hfb-below-header-display":"","ast-hfb-mobile-header-display":"","site-post-title":"","ast-breadcrumbs-content":"","ast-featured-img":"","footer-sml-layout":"","ast-disable-related-posts":"","theme-transparent-header-meta":"default","adv-header-id-meta":"","stick-header-meta":"","header-above-stick-meta":"","header-main-stick-meta":"","header-below-stick-meta":"","astra-migrate-meta-layouts":"set","ast-page-background-enabled":"default","ast-page-background-meta":{"desktop":{"background-color":"","background-image":"","background-repeat":"repeat","background-position":"center center","background-size":"auto","background-attachment":"scroll","background-type":"","background-media":"","overlay-type":"","overlay-color":"","overlay-opacity":"","overlay-gradient":""},"tablet":{"background-color":"","background-image":"","background-repeat":"repeat","background-position":"center center","background-size":"auto","background-attachment":"scroll","background-type":"","background-media":"","overlay-type":"","overlay-color":"","overlay-opacity":"","overlay-gradient":""},"mobile":{"background-color":"","background-image":"","background-repeat":"repeat","background-position":"center center","background-size":"auto","background-attachment":"scroll","background-type":"","background-media":"","overlay-type":"","overlay-color":"","overlay-opacity":"","overlay-gradient":""}},"ast-content-background-meta":{"desktop":{"background-color":"var(--ast-global-color-5)","background-image":"","background-repeat":"repeat","background-position":"center center","background-size":"auto","background-attachment":"scroll","background-type":"","background-media":"","overlay-type":"","overlay-color":"","overlay-opacity":"","overlay-gradient":""},"tablet":{"background-color":"var(--ast-global-color-5)","background-image":"","background-repeat":"repeat","background-position":"center center","background-size":"auto","background-attachment":"scroll","background-type":"","background-media":"","overlay-type":"","overlay-color":"","overlay-opacity":"","overlay-gradient":""},"mobile":{"background-color":"var(--ast-global-color-5)","background-image":"","background-repeat":"repeat","background-position":"center center","background-size":"auto","background-attachment":"scroll","background-type":"","background-media":"","overlay-type":"","overlay-color":"","overlay-opacity":"","overlay-gradient":""}}},"product_brand":[177],"product_cat":[176],"product_tag":[],"class_list":{"0":"post-7260","1":"product","2":"type-product","3":"status-publish","4":"has-post-thumbnail","6":"product_brand-engcon","7":"product_cat-tiltrotators","8":"desktop-align-left","9":"tablet-align-left","10":"mobile-align-left","12":"first","13":"instock","14":"taxable","15":"shipping-taxable","16":"purchasable","17":"product-type-simple"},"acf":[],"_links":{"self":[{"href":"https:\/\/www.finnmachines.fi\/en\/wp-json\/wp\/v2\/product\/7260","targetHints":{"allow":["GET"]}}],"collection":[{"href":"https:\/\/www.finnmachines.fi\/en\/wp-json\/wp\/v2\/product"}],"about":[{"href":"https:\/\/www.finnmachines.fi\/en\/wp-json\/wp\/v2\/types\/product"}],"replies":[{"embeddable":true,"href":"https:\/\/www.finnmachines.fi\/en\/wp-json\/wp\/v2\/comments?post=7260"}],"version-history":[{"count":9,"href":"https:\/\/www.finnmachines.fi\/en\/wp-json\/wp\/v2\/product\/7260\/revisions"}],"predecessor-version":[{"id":7284,"href":"https:\/\/www.finnmachines.fi\/en\/wp-json\/wp\/v2\/product\/7260\/revisions\/7284"}],"wp:featuredmedia":[{"embeddable":true,"href":"https:\/\/www.finnmachines.fi\/en\/wp-json\/wp\/v2\/media\/7262"}],"wp:attachment":[{"href":"https:\/\/www.finnmachines.fi\/en\/wp-json\/wp\/v2\/media?parent=7260"}],"wp:term":[{"taxonomy":"product_brand","embeddable":true,"href":"https:\/\/www.finnmachines.fi\/en\/wp-json\/wp\/v2\/product_brand?post=7260"},{"taxonomy":"product_cat","embeddable":true,"href":"https:\/\/www.finnmachines.fi\/en\/wp-json\/wp\/v2\/product_cat?post=7260"},{"taxonomy":"product_tag","embeddable":true,"href":"https:\/\/www.finnmachines.fi\/en\/wp-json\/wp\/v2\/product_tag?post=7260"}],"curies":[{"name":"wp","href":"https:\/\/api.w.org\/{rel}","templated":true}]}}