{"id":7737,"date":"2026-03-25T11:14:43","date_gmt":"2026-03-25T09:14:43","guid":{"rendered":"https:\/\/www.finnmachines.fi\/?post_type=product&#038;p=7737"},"modified":"2026-03-25T14:59:07","modified_gmt":"2026-03-25T12:59:07","slug":"hyundai-hx145-lcr-hw-2021","status":"publish","type":"product","link":"https:\/\/www.finnmachines.fi\/en\/product\/hyundai-hx145-lcr-hw-2021\/","title":{"rendered":"Hyundai HX145 LCR HW 2021"},"content":{"rendered":"<p>Hyundai HX145 LCR High Walker, j\u00e4re\u00e4ll\u00e4 mets\u00e4alustalla!<\/p>\n<ul>\n<li>Mets\u00e4alusta, isot vetonavat ja D6 ketjut (20mm telapultit)<\/li>\n<li>Uudet ketjut ja 900mm telalaput<\/li>\n<li>Mets\u00e4varusteet (tukisukset, pohjapanssari, mets\u00e4suojat)<\/li>\n<li>Lis\u00e4hydrauliikka<\/li>\n<li>Vuosimalli 2021<\/li>\n<li>Mittarilukema 6100h<\/li>\n<li>Laadukkaat LED ty\u00f6valot<\/li>\n<\/ul>\n<p>Varastossa my\u00f6s sopivat pikaliittimet, kauhat, energiakourat ym.<\/p>\n","protected":false},"excerpt":{"rendered":"<p>Hyundai HX145 LCR High Walker, j\u00e4re\u00e4ll\u00e4 mets\u00e4alustalla! Mets\u00e4alusta, isot vetonavat ja D6 ketjut (20mm telapultit) Uudet ketjut ja 900mm telalaput Mets\u00e4varusteet (tukisukset, pohjapanssari, mets\u00e4suojat) Lis\u00e4hydrauliikka Vuosimalli 2021 Mittarilukema 6100h Laadukkaat LED ty\u00f6valot Varastossa my\u00f6s sopivat pikaliittimet, kauhat, energiakourat ym.<\/p>\n","protected":false},"featured_media":7780,"comment_status":"open","ping_status":"closed","template":"","meta":{"_acf_changed":false,"site-sidebar-layout":"default","site-content-layout":"","ast-site-content-layout":"default","site-content-style":"default","site-sidebar-style":"default","ast-global-header-display":"","ast-banner-title-visibility":"","ast-main-header-display":"","ast-hfb-above-header-display":"","ast-hfb-below-header-display":"","ast-hfb-mobile-header-display":"","site-post-title":"","ast-breadcrumbs-content":"","ast-featured-img":"","footer-sml-layout":"","ast-disable-related-posts":"","theme-transparent-header-meta":"default","adv-header-id-meta":"","stick-header-meta":"","header-above-stick-meta":"","header-main-stick-meta":"","header-below-stick-meta":"","astra-migrate-meta-layouts":"set","ast-page-background-enabled":"default","ast-page-background-meta":{"desktop":{"background-color":"","background-image":"","background-repeat":"repeat","background-position":"center center","background-size":"auto","background-attachment":"scroll","background-type":"","background-media":"","overlay-type":"","overlay-color":"","overlay-opacity":"","overlay-gradient":""},"tablet":{"background-color":"","background-image":"","background-repeat":"repeat","background-position":"center center","background-size":"auto","background-attachment":"scroll","background-type":"","background-media":"","overlay-type":"","overlay-color":"","overlay-opacity":"","overlay-gradient":""},"mobile":{"background-color":"","background-image":"","background-repeat":"repeat","background-position":"center center","background-size":"auto","background-attachment":"scroll","background-type":"","background-media":"","overlay-type":"","overlay-color":"","overlay-opacity":"","overlay-gradient":""}},"ast-content-background-meta":{"desktop":{"background-color":"var(--ast-global-color-5)","background-image":"","background-repeat":"repeat","background-position":"center center","background-size":"auto","background-attachment":"scroll","background-type":"","background-media":"","overlay-type":"","overlay-color":"","overlay-opacity":"","overlay-gradient":""},"tablet":{"background-color":"var(--ast-global-color-5)","background-image":"","background-repeat":"repeat","background-position":"center center","background-size":"auto","background-attachment":"scroll","background-type":"","background-media":"","overlay-type":"","overlay-color":"","overlay-opacity":"","overlay-gradient":""},"mobile":{"background-color":"var(--ast-global-color-5)","background-image":"","background-repeat":"repeat","background-position":"center center","background-size":"auto","background-attachment":"scroll","background-type":"","background-media":"","overlay-type":"","overlay-color":"","overlay-opacity":"","overlay-gradient":""}}},"product_brand":[216],"product_cat":[66],"product_tag":[],"class_list":{"0":"post-7737","1":"product","2":"type-product","3":"status-publish","4":"has-post-thumbnail","6":"product_brand-hyundai","7":"product_cat-excavators","8":"desktop-align-left","9":"tablet-align-left","10":"mobile-align-left","12":"first","13":"instock","14":"taxable","15":"shipping-taxable","16":"purchasable","17":"product-type-simple"},"acf":[],"_links":{"self":[{"href":"https:\/\/www.finnmachines.fi\/en\/wp-json\/wp\/v2\/product\/7737","targetHints":{"allow":["GET"]}}],"collection":[{"href":"https:\/\/www.finnmachines.fi\/en\/wp-json\/wp\/v2\/product"}],"about":[{"href":"https:\/\/www.finnmachines.fi\/en\/wp-json\/wp\/v2\/types\/product"}],"replies":[{"embeddable":true,"href":"https:\/\/www.finnmachines.fi\/en\/wp-json\/wp\/v2\/comments?post=7737"}],"version-history":[{"count":2,"href":"https:\/\/www.finnmachines.fi\/en\/wp-json\/wp\/v2\/product\/7737\/revisions"}],"predecessor-version":[{"id":7779,"href":"https:\/\/www.finnmachines.fi\/en\/wp-json\/wp\/v2\/product\/7737\/revisions\/7779"}],"wp:featuredmedia":[{"embeddable":true,"href":"https:\/\/www.finnmachines.fi\/en\/wp-json\/wp\/v2\/media\/7780"}],"wp:attachment":[{"href":"https:\/\/www.finnmachines.fi\/en\/wp-json\/wp\/v2\/media?parent=7737"}],"wp:term":[{"taxonomy":"product_brand","embeddable":true,"href":"https:\/\/www.finnmachines.fi\/en\/wp-json\/wp\/v2\/product_brand?post=7737"},{"taxonomy":"product_cat","embeddable":true,"href":"https:\/\/www.finnmachines.fi\/en\/wp-json\/wp\/v2\/product_cat?post=7737"},{"taxonomy":"product_tag","embeddable":true,"href":"https:\/\/www.finnmachines.fi\/en\/wp-json\/wp\/v2\/product_tag?post=7737"}],"curies":[{"name":"wp","href":"https:\/\/api.w.org\/{rel}","templated":true}]}}