{"id":7846,"date":"2026-04-30T23:18:10","date_gmt":"2026-04-30T20:18:10","guid":{"rendered":"https:\/\/www.finnmachines.fi\/?post_type=product&#038;p=7846"},"modified":"2026-04-30T23:19:30","modified_gmt":"2026-04-30T20:19:30","slug":"tasauskauha-2000mm-s45","status":"publish","type":"product","link":"https:\/\/www.finnmachines.fi\/en\/product\/tasauskauha-2000mm-s45\/","title":{"rendered":"Tasauskauha 2000mm S45"},"content":{"rendered":"<p data-start=\"220\" data-end=\"453\">Leve\u00e4 ja monik\u00e4ytt\u00f6inen kauha, joka soveltuu erinomaisesti sek\u00e4 ojien puhdistukseen ett\u00e4 maan tasaukseen. Leve\u00e4 2000 mm ty\u00f6skentelyalue mahdollistaa nopean etenemisen pitkill\u00e4 ojaosuuksilla sek\u00e4 siistin ja tasaisen lopputuloksen viimeistelyt\u00f6iss\u00e4.<\/p>\n<ul>\n<li data-start=\"455\" data-end=\"596\">S45 kiinnike<\/li>\n<li data-start=\"455\" data-end=\"596\">Huulileveys 2000mm<\/li>\n<li data-start=\"455\" data-end=\"596\">Paino 235kg<\/li>\n<li data-start=\"455\" data-end=\"596\">Tilavuus 380 ltr<\/li>\n<\/ul>\n<p>Saatavana my\u00f6s eri leveyksill\u00e4 ja kiinnikkeill\u00e4<\/p>\n","protected":false},"excerpt":{"rendered":"<p>Leve\u00e4 ja monik\u00e4ytt\u00f6inen kauha, joka soveltuu erinomaisesti sek\u00e4 ojien puhdistukseen ett\u00e4 maan tasaukseen. Leve\u00e4 2000 mm ty\u00f6skentelyalue mahdollistaa nopean etenemisen pitkill\u00e4 ojaosuuksilla sek\u00e4 siistin ja tasaisen lopputuloksen viimeistelyt\u00f6iss\u00e4. S45 kiinnike Huulileveys 2000mm Paino 235kg Tilavuus 380 ltr Saatavana my\u00f6s eri leveyksill\u00e4 ja kiinnikkeill\u00e4<\/p>\n","protected":false},"featured_media":7849,"comment_status":"open","ping_status":"closed","template":"","meta":{"_acf_changed":false,"site-sidebar-layout":"default","site-content-layout":"","ast-site-content-layout":"default","site-content-style":"default","site-sidebar-style":"default","ast-global-header-display":"","ast-banner-title-visibility":"","ast-main-header-display":"","ast-hfb-above-header-display":"","ast-hfb-below-header-display":"","ast-hfb-mobile-header-display":"","site-post-title":"","ast-breadcrumbs-content":"","ast-featured-img":"","footer-sml-layout":"","ast-disable-related-posts":"","theme-transparent-header-meta":"default","adv-header-id-meta":"","stick-header-meta":"","header-above-stick-meta":"","header-main-stick-meta":"","header-below-stick-meta":"","astra-migrate-meta-layouts":"set","ast-page-background-enabled":"default","ast-page-background-meta":{"desktop":{"background-color":"","background-image":"","background-repeat":"repeat","background-position":"center center","background-size":"auto","background-attachment":"scroll","background-type":"","background-media":"","overlay-type":"","overlay-color":"","overlay-opacity":"","overlay-gradient":""},"tablet":{"background-color":"","background-image":"","background-repeat":"repeat","background-position":"center center","background-size":"auto","background-attachment":"scroll","background-type":"","background-media":"","overlay-type":"","overlay-color":"","overlay-opacity":"","overlay-gradient":""},"mobile":{"background-color":"","background-image":"","background-repeat":"repeat","background-position":"center center","background-size":"auto","background-attachment":"scroll","background-type":"","background-media":"","overlay-type":"","overlay-color":"","overlay-opacity":"","overlay-gradient":""}},"ast-content-background-meta":{"desktop":{"background-color":"var(--ast-global-color-5)","background-image":"","background-repeat":"repeat","background-position":"center center","background-size":"auto","background-attachment":"scroll","background-type":"","background-media":"","overlay-type":"","overlay-color":"","overlay-opacity":"","overlay-gradient":""},"tablet":{"background-color":"var(--ast-global-color-5)","background-image":"","background-repeat":"repeat","background-position":"center center","background-size":"auto","background-attachment":"scroll","background-type":"","background-media":"","overlay-type":"","overlay-color":"","overlay-opacity":"","overlay-gradient":""},"mobile":{"background-color":"var(--ast-global-color-5)","background-image":"","background-repeat":"repeat","background-position":"center center","background-size":"auto","background-attachment":"scroll","background-type":"","background-media":"","overlay-type":"","overlay-color":"","overlay-opacity":"","overlay-gradient":""}}},"product_brand":[],"product_cat":[187],"product_tag":[],"class_list":{"0":"post-7846","1":"product","2":"type-product","3":"status-publish","4":"has-post-thumbnail","6":"product_cat-leveling-buckets","7":"desktop-align-left","8":"tablet-align-left","9":"mobile-align-left","11":"first","12":"onbackorder","13":"taxable","14":"shipping-taxable","15":"purchasable","16":"product-type-simple"},"acf":[],"_links":{"self":[{"href":"https:\/\/www.finnmachines.fi\/en\/wp-json\/wp\/v2\/product\/7846","targetHints":{"allow":["GET"]}}],"collection":[{"href":"https:\/\/www.finnmachines.fi\/en\/wp-json\/wp\/v2\/product"}],"about":[{"href":"https:\/\/www.finnmachines.fi\/en\/wp-json\/wp\/v2\/types\/product"}],"replies":[{"embeddable":true,"href":"https:\/\/www.finnmachines.fi\/en\/wp-json\/wp\/v2\/comments?post=7846"}],"version-history":[{"count":3,"href":"https:\/\/www.finnmachines.fi\/en\/wp-json\/wp\/v2\/product\/7846\/revisions"}],"predecessor-version":[{"id":7855,"href":"https:\/\/www.finnmachines.fi\/en\/wp-json\/wp\/v2\/product\/7846\/revisions\/7855"}],"wp:featuredmedia":[{"embeddable":true,"href":"https:\/\/www.finnmachines.fi\/en\/wp-json\/wp\/v2\/media\/7849"}],"wp:attachment":[{"href":"https:\/\/www.finnmachines.fi\/en\/wp-json\/wp\/v2\/media?parent=7846"}],"wp:term":[{"taxonomy":"product_brand","embeddable":true,"href":"https:\/\/www.finnmachines.fi\/en\/wp-json\/wp\/v2\/product_brand?post=7846"},{"taxonomy":"product_cat","embeddable":true,"href":"https:\/\/www.finnmachines.fi\/en\/wp-json\/wp\/v2\/product_cat?post=7846"},{"taxonomy":"product_tag","embeddable":true,"href":"https:\/\/www.finnmachines.fi\/en\/wp-json\/wp\/v2\/product_tag?post=7846"}],"curies":[{"name":"wp","href":"https:\/\/api.w.org\/{rel}","templated":true}]}}