{"id":7899,"date":"2026-05-08T10:26:35","date_gmt":"2026-05-08T07:26:35","guid":{"rendered":"https:\/\/www.finnmachines.fi\/?post_type=product&#038;p=7899"},"modified":"2026-05-08T10:26:43","modified_gmt":"2026-05-08T07:26:43","slug":"nc-engineering-3-aksilainen-metsakonelavetti","status":"publish","type":"product","link":"https:\/\/www.finnmachines.fi\/en\/product\/nc-engineering-3-aksilainen-metsakonelavetti\/","title":{"rendered":"NC Engineering 3-aksilainen mets\u00e4konelavetti"},"content":{"rendered":"<p>Tukeva 3-akselinen mets\u00e4konelavetti.<\/p>\n<p>Siisti ja toimiva peli, hiekkapuhallettu ja maalattu 2025. Jarrut, s\u00e4hk\u00f6t, ym, k\u00e4yty l\u00e4pi.<\/p>\n<ul>\n<li>Merkki: NC Engineering<\/li>\n<li>Vuosimalli 2015<\/li>\n<li>Kokonaispituus 15,2m<\/li>\n<li>Leveys n. 2,6m ja levitettyn\u00e4 3,5m<\/li>\n<li>Kokonaismassa 42 000kg<\/li>\n<li>Omamassa 10450 kg<\/li>\n<li>Levikkeet, k\u00e4\u00e4ntyv\u00e4 takaakseli ,\u00a0 hyd. rampit, ym.<\/li>\n<\/ul>\n","protected":false},"excerpt":{"rendered":"<p>Tukeva 3-akselinen mets\u00e4konelavetti. Siisti ja toimiva peli, hiekkapuhallettu ja maalattu 2025. Jarrut, s\u00e4hk\u00f6t, ym, k\u00e4yty l\u00e4pi. Merkki: NC Engineering Vuosimalli 2015 Kokonaispituus 15,2m Leveys n. 2,6m ja levitettyn\u00e4 3,5m Kokonaismassa 42 000kg Omamassa 10450 kg Levikkeet, k\u00e4\u00e4ntyv\u00e4 takaakseli ,\u00a0 hyd. rampit, ym.<\/p>\n","protected":false},"featured_media":7917,"comment_status":"open","ping_status":"closed","template":"","meta":{"_acf_changed":false,"site-sidebar-layout":"default","site-content-layout":"","ast-site-content-layout":"default","site-content-style":"default","site-sidebar-style":"default","ast-global-header-display":"","ast-banner-title-visibility":"","ast-main-header-display":"","ast-hfb-above-header-display":"","ast-hfb-below-header-display":"","ast-hfb-mobile-header-display":"","site-post-title":"","ast-breadcrumbs-content":"","ast-featured-img":"","footer-sml-layout":"","ast-disable-related-posts":"","theme-transparent-header-meta":"default","adv-header-id-meta":"","stick-header-meta":"","header-above-stick-meta":"","header-main-stick-meta":"","header-below-stick-meta":"","astra-migrate-meta-layouts":"set","ast-page-background-enabled":"default","ast-page-background-meta":{"desktop":{"background-color":"","background-image":"","background-repeat":"repeat","background-position":"center center","background-size":"auto","background-attachment":"scroll","background-type":"","background-media":"","overlay-type":"","overlay-color":"","overlay-opacity":"","overlay-gradient":""},"tablet":{"background-color":"","background-image":"","background-repeat":"repeat","background-position":"center center","background-size":"auto","background-attachment":"scroll","background-type":"","background-media":"","overlay-type":"","overlay-color":"","overlay-opacity":"","overlay-gradient":""},"mobile":{"background-color":"","background-image":"","background-repeat":"repeat","background-position":"center center","background-size":"auto","background-attachment":"scroll","background-type":"","background-media":"","overlay-type":"","overlay-color":"","overlay-opacity":"","overlay-gradient":""}},"ast-content-background-meta":{"desktop":{"background-color":"var(--ast-global-color-5)","background-image":"","background-repeat":"repeat","background-position":"center center","background-size":"auto","background-attachment":"scroll","background-type":"","background-media":"","overlay-type":"","overlay-color":"","overlay-opacity":"","overlay-gradient":""},"tablet":{"background-color":"var(--ast-global-color-5)","background-image":"","background-repeat":"repeat","background-position":"center center","background-size":"auto","background-attachment":"scroll","background-type":"","background-media":"","overlay-type":"","overlay-color":"","overlay-opacity":"","overlay-gradient":""},"mobile":{"background-color":"var(--ast-global-color-5)","background-image":"","background-repeat":"repeat","background-position":"center center","background-size":"auto","background-attachment":"scroll","background-type":"","background-media":"","overlay-type":"","overlay-color":"","overlay-opacity":"","overlay-gradient":""}}},"product_brand":[],"product_cat":[217],"product_tag":[],"class_list":{"0":"post-7899","1":"product","2":"type-product","3":"status-publish","4":"has-post-thumbnail","6":"product_cat-trucks-and-trailers","7":"desktop-align-left","8":"tablet-align-left","9":"mobile-align-left","11":"first","12":"instock","13":"taxable","14":"shipping-taxable","15":"purchasable","16":"product-type-simple"},"acf":[],"_links":{"self":[{"href":"https:\/\/www.finnmachines.fi\/en\/wp-json\/wp\/v2\/product\/7899","targetHints":{"allow":["GET"]}}],"collection":[{"href":"https:\/\/www.finnmachines.fi\/en\/wp-json\/wp\/v2\/product"}],"about":[{"href":"https:\/\/www.finnmachines.fi\/en\/wp-json\/wp\/v2\/types\/product"}],"replies":[{"embeddable":true,"href":"https:\/\/www.finnmachines.fi\/en\/wp-json\/wp\/v2\/comments?post=7899"}],"version-history":[{"count":2,"href":"https:\/\/www.finnmachines.fi\/en\/wp-json\/wp\/v2\/product\/7899\/revisions"}],"predecessor-version":[{"id":7922,"href":"https:\/\/www.finnmachines.fi\/en\/wp-json\/wp\/v2\/product\/7899\/revisions\/7922"}],"wp:featuredmedia":[{"embeddable":true,"href":"https:\/\/www.finnmachines.fi\/en\/wp-json\/wp\/v2\/media\/7917"}],"wp:attachment":[{"href":"https:\/\/www.finnmachines.fi\/en\/wp-json\/wp\/v2\/media?parent=7899"}],"wp:term":[{"taxonomy":"product_brand","embeddable":true,"href":"https:\/\/www.finnmachines.fi\/en\/wp-json\/wp\/v2\/product_brand?post=7899"},{"taxonomy":"product_cat","embeddable":true,"href":"https:\/\/www.finnmachines.fi\/en\/wp-json\/wp\/v2\/product_cat?post=7899"},{"taxonomy":"product_tag","embeddable":true,"href":"https:\/\/www.finnmachines.fi\/en\/wp-json\/wp\/v2\/product_tag?post=7899"}],"curies":[{"name":"wp","href":"https:\/\/api.w.org\/{rel}","templated":true}]}}