{"id":5491,"date":"2026-01-13T15:19:18","date_gmt":"2026-01-13T13:19:18","guid":{"rendered":"https:\/\/www.finnmachines.fi\/?page_id=5491"},"modified":"2026-04-09T15:51:43","modified_gmt":"2026-04-09T12:51:43","slug":"new","status":"publish","type":"page","link":"https:\/\/www.finnmachines.fi\/sv\/new\/","title":{"rendered":"Tietosuojaseloste"},"content":{"rendered":"\t\t<div data-elementor-type=\"wp-page\" data-elementor-id=\"5491\" class=\"elementor elementor-5491\" data-elementor-post-type=\"page\">\n\t\t\t\t<div class=\"elementor-element elementor-element-756416d e-flex e-con-boxed e-con e-parent\" data-id=\"756416d\" data-element_type=\"container\" data-e-type=\"container\">\n\t\t\t\t\t<div class=\"e-con-inner\">\n\t\t\t\t<div class=\"elementor-element elementor-element-bd06740 elementor-widget elementor-widget-text-editor\" data-id=\"bd06740\" data-element_type=\"widget\" data-e-type=\"widget\" data-widget_type=\"text-editor.default\">\n\t\t\t\t<div class=\"elementor-widget-container\">\n\t\t\t\t\t\t\t\t\t<h2 data-start=\"270\" data-end=\"301\"><strong data-start=\"273\" data-end=\"301\">Tietosuojaseloste&nbsp;<\/strong><\/h2>\n<h3 data-start=\"303\" data-end=\"328\">1. Rekisterinpit\u00e4j\u00e4<\/h3>\n<p data-start=\"329\" data-end=\"483\">Yrityksen nimi: Oy Finn-Machines Ab<br data-start=\"365\" data-end=\"368\">Y-tunnus: 3537717-4<br data-start=\"392\" data-end=\"395\">Osoite: \u00c5vistv\u00e4gen 53<br data-start=\"415\" data-end=\"418\">Puhelin: +358 414 347 328<br data-start=\"446\" data-end=\"449\">S\u00e4hk\u00f6posti: pontus@finnmachines.fi<\/p>\n<h3 data-start=\"490\" data-end=\"523\">2. Ker\u00e4tt\u00e4v\u00e4t henkil\u00f6tiedot<\/h3>\n<p data-start=\"524\" data-end=\"642\">Ker\u00e4\u00e4mme vain sellaisia henkil\u00f6tietoja, jotka ovat tarpeellisia yhteydenottojen ja liiketoiminnan hoitamisen kannalta:<\/p>\n<ul data-start=\"643\" data-end=\"817\">\n<li data-start=\"643\" data-end=\"651\">\n<p data-start=\"645\" data-end=\"651\">Nimi<\/p>\n<\/li>\n<li data-start=\"652\" data-end=\"684\">\n<p data-start=\"654\" data-end=\"684\">Yritys (jos sovellettavissa)<\/p>\n<\/li>\n<li data-start=\"685\" data-end=\"705\">\n<p data-start=\"687\" data-end=\"705\">S\u00e4hk\u00f6postiosoite<\/p>\n<\/li>\n<li data-start=\"706\" data-end=\"723\">\n<p data-start=\"708\" data-end=\"723\">Puhelinnumero<\/p>\n<\/li>\n<li data-start=\"724\" data-end=\"817\">\n<p data-start=\"726\" data-end=\"817\">Muut tiedot, jotka k\u00e4ytt\u00e4j\u00e4 vapaaehtoisesti antaa yhteydenottolomakkeella tai s\u00e4hk\u00f6postitse<\/p>\n<\/li>\n<\/ul>\n<h3 data-start=\"824\" data-end=\"864\">3. Henkil\u00f6tietojen k\u00e4ytt\u00f6tarkoitus<\/h3>\n<p data-start=\"865\" data-end=\"890\">Henkil\u00f6tietoja k\u00e4ytet\u00e4\u00e4n:<\/p>\n<ul data-start=\"891\" data-end=\"1017\">\n<li data-start=\"891\" data-end=\"931\">\n<p data-start=\"893\" data-end=\"931\">Yhteydenottoihin ja asiakaspalveluun<\/p>\n<\/li>\n<li data-start=\"932\" data-end=\"986\">\n<p data-start=\"934\" data-end=\"986\">Tarjouspyynt\u00f6ihin ja myynti\u00e4 koskevaan viestint\u00e4\u00e4n<\/p>\n<\/li>\n<li data-start=\"987\" data-end=\"1017\">\n<p data-start=\"989\" data-end=\"1017\">Liiketoiminnan hoitamiseen<\/p>\n<\/li>\n<\/ul>\n<p data-start=\"1019\" data-end=\"1087\">Tietoja ei k\u00e4ytet\u00e4 automaattiseen p\u00e4\u00e4t\u00f6ksentekoon tai profilointiin.<\/p>\n<h3 data-start=\"1094\" data-end=\"1124\">4. Tietojen s\u00e4ilytysaika<\/h3>\n<p data-start=\"1125\" data-end=\"1259\">Henkil\u00f6tietoja s\u00e4ilytet\u00e4\u00e4n vain niin kauan kuin se on tarpeellista k\u00e4ytt\u00f6tarkoituksen toteuttamiseksi tai lain edellytt\u00e4m\u00e4ll\u00e4 tavalla.<\/p>\n<h3 data-start=\"1266\" data-end=\"1292\">5. Tietojen luovutus<\/h3>\n<p data-start=\"1293\" data-end=\"1371\">Henkil\u00f6tietoja ei luovuteta kolmansille osapuolille, ellei laki sit\u00e4 edellyt\u00e4.<\/p>\n<h3 data-start=\"1378\" data-end=\"1409\">6. Rekister\u00f6idyn oikeudet<\/h3>\n<p data-start=\"1410\" data-end=\"1436\">Rekister\u00f6idyll\u00e4 on oikeus:<\/p>\n<ul data-start=\"1437\" data-end=\"1584\">\n<li data-start=\"1437\" data-end=\"1464\">\n<p data-start=\"1439\" data-end=\"1464\">Tarkastaa omat tietonsa<\/p>\n<\/li>\n<li data-start=\"1465\" data-end=\"1509\">\n<p data-start=\"1467\" data-end=\"1509\">Pyyt\u00e4\u00e4 tietojen oikaisua tai poistamista<\/p>\n<\/li>\n<li data-start=\"1510\" data-end=\"1543\">\n<p data-start=\"1512\" data-end=\"1543\">Vastustaa tietojen k\u00e4sittely\u00e4<\/p>\n<\/li>\n<li data-start=\"1544\" data-end=\"1584\">\n<p data-start=\"1546\" data-end=\"1584\">Tehd\u00e4 valitus valvontaviranomaiselle<\/p>\n<\/li>\n<\/ul>\n<p data-start=\"1586\" data-end=\"1643\">Pyynn\u00f6t tulee l\u00e4hett\u00e4\u00e4 s\u00e4hk\u00f6postitse rekisterinpit\u00e4j\u00e4lle.<\/p>\n<h2 data-start=\"1650\" data-end=\"1681\"><strong data-start=\"1653\" data-end=\"1681\">Ev\u00e4stek\u00e4yt\u00e4nt\u00f6 (Cookies)<\/strong><\/h2>\t\t\t\t\t\t\t\t<\/div>\n\t\t\t\t<\/div>\n\t\t\t\t\t<\/div>\n\t\t\t\t<\/div>\n\t\t<div class=\"elementor-element elementor-element-58aba53 e-flex e-con-boxed e-con e-parent\" data-id=\"58aba53\" data-element_type=\"container\" data-e-type=\"container\">\n\t\t\t\t\t<div class=\"e-con-inner\">\n\t\t\t\t<div class=\"elementor-element elementor-element-84f1ebe elementor-widget elementor-widget-html\" data-id=\"84f1ebe\" data-element_type=\"widget\" data-e-type=\"widget\" data-widget_type=\"html.default\">\n\t\t\t\t<div class=\"elementor-widget-container\">\n\t\t\t\t\t<script id=\"CookieDeclaration\" src=\"https:\/\/consent.cookiebot.com\/89d11ba7-2742-4df3-88f8-82de4f779c7b\/cd.js\" type=\"text\/javascript\" async><\/script>\t\t\t\t<\/div>\n\t\t\t\t<\/div>\n\t\t\t\t\t<\/div>\n\t\t\t\t<\/div>\n\t\t\t\t<\/div>\n\t\t","protected":false},"excerpt":{"rendered":"<p>Tietosuojaseloste&nbsp; 1. Rekisterinpit\u00e4j\u00e4 Yrityksen nimi: Oy Finn-Machines AbY-tunnus: 3537717-4Osoite: \u00c5vistv\u00e4gen 53Puhelin: +358 414 347 328S\u00e4hk\u00f6posti: pontus@finnmachines.fi 2. Ker\u00e4tt\u00e4v\u00e4t henkil\u00f6tiedot Ker\u00e4\u00e4mme vain sellaisia henkil\u00f6tietoja, jotka ovat tarpeellisia yhteydenottojen ja liiketoiminnan hoitamisen kannalta: Nimi Yritys (jos sovellettavissa) S\u00e4hk\u00f6postiosoite Puhelinnumero Muut tiedot, jotka k\u00e4ytt\u00e4j\u00e4 vapaaehtoisesti antaa yhteydenottolomakkeella tai s\u00e4hk\u00f6postitse 3. Henkil\u00f6tietojen k\u00e4ytt\u00f6tarkoitus Henkil\u00f6tietoja k\u00e4ytet\u00e4\u00e4n: Yhteydenottoihin ja asiakaspalveluun Tarjouspyynt\u00f6ihin [&hellip;]<\/p>\n","protected":false},"author":1,"featured_media":0,"parent":0,"menu_order":0,"comment_status":"closed","ping_status":"closed","template":"","meta":{"_acf_changed":false,"site-sidebar-layout":"no-sidebar","site-content-layout":"page-builder","ast-site-content-layout":"full-width-container","site-content-style":"default","site-sidebar-style":"default","ast-global-header-display":"","ast-banner-title-visibility":"","ast-main-header-display":"","ast-hfb-above-header-display":"","ast-hfb-below-header-display":"","ast-hfb-mobile-header-display":"","site-post-title":"","ast-breadcrumbs-content":"","ast-featured-img":"disabled","footer-sml-layout":"","ast-disable-related-posts":"","theme-transparent-header-meta":"","adv-header-id-meta":"","stick-header-meta":"","header-above-stick-meta":"","header-main-stick-meta":"","header-below-stick-meta":"","astra-migrate-meta-layouts":"set","ast-page-background-enabled":"default","ast-page-background-meta":{"desktop":{"background-color":"","background-image":"","background-repeat":"repeat","background-position":"center center","background-size":"auto","background-attachment":"scroll","background-type":"","background-media":"","overlay-type":"","overlay-color":"","overlay-opacity":"","overlay-gradient":""},"tablet":{"background-color":"","background-image":"","background-repeat":"repeat","background-position":"center center","background-size":"auto","background-attachment":"scroll","background-type":"","background-media":"","overlay-type":"","overlay-color":"","overlay-opacity":"","overlay-gradient":""},"mobile":{"background-color":"","background-image":"","background-repeat":"repeat","background-position":"center center","background-size":"auto","background-attachment":"scroll","background-type":"","background-media":"","overlay-type":"","overlay-color":"","overlay-opacity":"","overlay-gradient":""}},"ast-content-background-meta":{"desktop":{"background-color":"var(--ast-global-color-5)","background-image":"","background-repeat":"repeat","background-position":"center center","background-size":"auto","background-attachment":"scroll","background-type":"","background-media":"","overlay-type":"","overlay-color":"","overlay-opacity":"","overlay-gradient":""},"tablet":{"background-color":"var(--ast-global-color-5)","background-image":"","background-repeat":"repeat","background-position":"center center","background-size":"auto","background-attachment":"scroll","background-type":"","background-media":"","overlay-type":"","overlay-color":"","overlay-opacity":"","overlay-gradient":""},"mobile":{"background-color":"var(--ast-global-color-5)","background-image":"","background-repeat":"repeat","background-position":"center center","background-size":"auto","background-attachment":"scroll","background-type":"","background-media":"","overlay-type":"","overlay-color":"","overlay-opacity":"","overlay-gradient":""}},"footnotes":""},"class_list":["post-5491","page","type-page","status-publish","hentry"],"acf":[],"_links":{"self":[{"href":"https:\/\/www.finnmachines.fi\/sv\/wp-json\/wp\/v2\/pages\/5491","targetHints":{"allow":["GET"]}}],"collection":[{"href":"https:\/\/www.finnmachines.fi\/sv\/wp-json\/wp\/v2\/pages"}],"about":[{"href":"https:\/\/www.finnmachines.fi\/sv\/wp-json\/wp\/v2\/types\/page"}],"author":[{"embeddable":true,"href":"https:\/\/www.finnmachines.fi\/sv\/wp-json\/wp\/v2\/users\/1"}],"replies":[{"embeddable":true,"href":"https:\/\/www.finnmachines.fi\/sv\/wp-json\/wp\/v2\/comments?post=5491"}],"version-history":[{"count":14,"href":"https:\/\/www.finnmachines.fi\/sv\/wp-json\/wp\/v2\/pages\/5491\/revisions"}],"predecessor-version":[{"id":7801,"href":"https:\/\/www.finnmachines.fi\/sv\/wp-json\/wp\/v2\/pages\/5491\/revisions\/7801"}],"wp:attachment":[{"href":"https:\/\/www.finnmachines.fi\/sv\/wp-json\/wp\/v2\/media?parent=5491"}],"curies":[{"name":"wp","href":"https:\/\/api.w.org\/{rel}","templated":true}]}}