{"id":6632,"date":"2026-02-11T16:14:14","date_gmt":"2026-02-11T14:14:14","guid":{"rendered":"https:\/\/www.finnmachines.fi\/?page_id=6632"},"modified":"2026-02-11T16:15:04","modified_gmt":"2026-02-11T14:15:04","slug":"verkkokauppa","status":"publish","type":"page","link":"https:\/\/www.finnmachines.fi\/sv\/webshop\/","title":{"rendered":"Webshop"},"content":{"rendered":"\t\t<div data-elementor-type=\"wp-page\" data-elementor-id=\"6632\" class=\"elementor elementor-6632\" data-elementor-post-type=\"page\">\n\t\t\t\t<div class=\"elementor-element elementor-element-4811366 e-con-full e-flex e-con e-parent\" data-id=\"4811366\" data-element_type=\"container\" data-e-type=\"container\">\n\t\t\t\t<div class=\"elementor-element elementor-element-7be3beae elementor-widget elementor-widget-text-editor\" data-id=\"7be3beae\" data-element_type=\"widget\" data-e-type=\"widget\" data-widget_type=\"text-editor.default\">\n\t\t\t\t<div class=\"elementor-widget-container\">\n\t\t\t\t\t\t\t\t\t<p><strong>Maanrakennuskoneet, lis\u00e4laitteet ja varaosat Suomessa<\/strong><\/p><p>Finn-Machines tarjoaa laadukkaat\u00a0<strong>maanrakennuskoneet<\/strong>, kest\u00e4v\u00e4t\u00a0<strong>kaivinkoneen lis\u00e4laitteet<\/strong>\u00a0sek\u00e4\u00a0<strong>uudet ja k\u00e4ytetyt varaosat<\/strong>\u00a0ammattilaisille ja harrastajille kaikkialla Suomessa. Valikoimaamme kuuluvat uudet ja k\u00e4ytetyt koneet, kauhat, hydrauliset lis\u00e4laitteet, pikaliittimet sek\u00e4 varaosat eri konemalleihin.<\/p><p>Palvelemme niin urakoitsijoita, rakennusliikkeit\u00e4 kuin yksityishenkil\u00f6it\u00e4 ja harrastek\u00e4ytt\u00e4ji\u00e4. Toimitamme tuotteet luotettavasti koko Suomeen.<br \/><strong>Ota yhteytt\u00e4 ja pyyd\u00e4 tarjous.<\/strong><\/p>\t\t\t\t\t\t\t\t<\/div>\n\t\t\t\t<\/div>\n\t\t\t\t<\/div>\n\t\t<div class=\"elementor-element elementor-element-623c2537 e-con-full e-flex e-con e-parent\" data-id=\"623c2537\" data-element_type=\"container\" data-e-type=\"container\">\n\t\t<div class=\"elementor-element elementor-element-485cd72 e-con-full e-flex e-con e-child\" data-id=\"485cd72\" data-element_type=\"container\" data-e-type=\"container\">\n\t\t\t\t<div class=\"elementor-element elementor-element-6cf1b93e elementor-widget elementor-widget-html\" data-id=\"6cf1b93e\" data-element_type=\"widget\" data-e-type=\"widget\" data-widget_type=\"html.default\">\n\t\t\t\t<div class=\"elementor-widget-container\">\n\t\t\t\t\t<div class=\"tax-switch-wrapper\">\r\n  <span class=\"tax-label\">alv 0%<\/span>\r\n\r\n  \r\n\r\n  <span class=\"tax-label\">alv 25,5%<\/span>\r\n<\/div>\t\t\t\t<\/div>\n\t\t\t\t<\/div>\n\t\t\t\t<div class=\"elementor-element elementor-element-15783f3b elementor-widget elementor-widget-text-editor\" data-id=\"15783f3b\" data-element_type=\"widget\" data-e-type=\"widget\" data-widget_type=\"text-editor.default\">\n\t\t\t\t<div class=\"elementor-widget-container\">\n\t\t\t\t\t\t\t\t\t<p style=\"text-align: left;\">Kategoriat<\/p>\t\t\t\t\t\t\t\t<\/div>\n\t\t\t\t<\/div>\n\t\t\t\t<div class=\"elementor-element elementor-element-465f9dd7 hfe-submenu-icon-plus elementor-widget__width-initial hfe-nav-menu__align-left hfe-link-redirect-child hfe-nav-menu__breakpoint-tablet elementor-widget elementor-widget-navigation-menu\" data-id=\"465f9dd7\" data-element_type=\"widget\" data-e-type=\"widget\" data-settings=\"{&quot;padding_horizontal_menu_item&quot;:{&quot;unit&quot;:&quot;px&quot;,&quot;size&quot;:15,&quot;sizes&quot;:[]},&quot;padding_horizontal_menu_item_tablet&quot;:{&quot;unit&quot;:&quot;px&quot;,&quot;size&quot;:&quot;&quot;,&quot;sizes&quot;:[]},&quot;padding_horizontal_menu_item_mobile&quot;:{&quot;unit&quot;:&quot;px&quot;,&quot;size&quot;:&quot;&quot;,&quot;sizes&quot;:[]},&quot;padding_vertical_menu_item&quot;:{&quot;unit&quot;:&quot;px&quot;,&quot;size&quot;:15,&quot;sizes&quot;:[]},&quot;padding_vertical_menu_item_tablet&quot;:{&quot;unit&quot;:&quot;px&quot;,&quot;size&quot;:&quot;&quot;,&quot;sizes&quot;:[]},&quot;padding_vertical_menu_item_mobile&quot;:{&quot;unit&quot;:&quot;px&quot;,&quot;size&quot;:&quot;&quot;,&quot;sizes&quot;:[]},&quot;menu_space_between&quot;:{&quot;unit&quot;:&quot;px&quot;,&quot;size&quot;:&quot;&quot;,&quot;sizes&quot;:[]},&quot;menu_space_between_tablet&quot;:{&quot;unit&quot;:&quot;px&quot;,&quot;size&quot;:&quot;&quot;,&quot;sizes&quot;:[]},&quot;menu_space_between_mobile&quot;:{&quot;unit&quot;:&quot;px&quot;,&quot;size&quot;:&quot;&quot;,&quot;sizes&quot;:[]},&quot;dropdown_border_radius&quot;:{&quot;unit&quot;:&quot;px&quot;,&quot;top&quot;:&quot;&quot;,&quot;right&quot;:&quot;&quot;,&quot;bottom&quot;:&quot;&quot;,&quot;left&quot;:&quot;&quot;,&quot;isLinked&quot;:true},&quot;dropdown_border_radius_tablet&quot;:{&quot;unit&quot;:&quot;px&quot;,&quot;top&quot;:&quot;&quot;,&quot;right&quot;:&quot;&quot;,&quot;bottom&quot;:&quot;&quot;,&quot;left&quot;:&quot;&quot;,&quot;isLinked&quot;:true},&quot;dropdown_border_radius_mobile&quot;:{&quot;unit&quot;:&quot;px&quot;,&quot;top&quot;:&quot;&quot;,&quot;right&quot;:&quot;&quot;,&quot;bottom&quot;:&quot;&quot;,&quot;left&quot;:&quot;&quot;,&quot;isLinked&quot;:true},&quot;padding_horizontal_dropdown_item&quot;:{&quot;unit&quot;:&quot;px&quot;,&quot;size&quot;:&quot;&quot;,&quot;sizes&quot;:[]},&quot;padding_horizontal_dropdown_item_tablet&quot;:{&quot;unit&quot;:&quot;px&quot;,&quot;size&quot;:&quot;&quot;,&quot;sizes&quot;:[]},&quot;padding_horizontal_dropdown_item_mobile&quot;:{&quot;unit&quot;:&quot;px&quot;,&quot;size&quot;:&quot;&quot;,&quot;sizes&quot;:[]},&quot;padding_vertical_dropdown_item&quot;:{&quot;unit&quot;:&quot;px&quot;,&quot;size&quot;:15,&quot;sizes&quot;:[]},&quot;padding_vertical_dropdown_item_tablet&quot;:{&quot;unit&quot;:&quot;px&quot;,&quot;size&quot;:&quot;&quot;,&quot;sizes&quot;:[]},&quot;padding_vertical_dropdown_item_mobile&quot;:{&quot;unit&quot;:&quot;px&quot;,&quot;size&quot;:&quot;&quot;,&quot;sizes&quot;:[]},&quot;distance_from_menu&quot;:{&quot;unit&quot;:&quot;px&quot;,&quot;size&quot;:&quot;&quot;,&quot;sizes&quot;:[]},&quot;distance_from_menu_tablet&quot;:{&quot;unit&quot;:&quot;px&quot;,&quot;size&quot;:&quot;&quot;,&quot;sizes&quot;:[]},&quot;distance_from_menu_mobile&quot;:{&quot;unit&quot;:&quot;px&quot;,&quot;size&quot;:&quot;&quot;,&quot;sizes&quot;:[]},&quot;toggle_size&quot;:{&quot;unit&quot;:&quot;px&quot;,&quot;size&quot;:&quot;&quot;,&quot;sizes&quot;:[]},&quot;toggle_size_tablet&quot;:{&quot;unit&quot;:&quot;px&quot;,&quot;size&quot;:&quot;&quot;,&quot;sizes&quot;:[]},&quot;toggle_size_mobile&quot;:{&quot;unit&quot;:&quot;px&quot;,&quot;size&quot;:&quot;&quot;,&quot;sizes&quot;:[]},&quot;toggle_border_width&quot;:{&quot;unit&quot;:&quot;px&quot;,&quot;size&quot;:&quot;&quot;,&quot;sizes&quot;:[]},&quot;toggle_border_width_tablet&quot;:{&quot;unit&quot;:&quot;px&quot;,&quot;size&quot;:&quot;&quot;,&quot;sizes&quot;:[]},&quot;toggle_border_width_mobile&quot;:{&quot;unit&quot;:&quot;px&quot;,&quot;size&quot;:&quot;&quot;,&quot;sizes&quot;:[]},&quot;toggle_border_radius&quot;:{&quot;unit&quot;:&quot;px&quot;,&quot;size&quot;:&quot;&quot;,&quot;sizes&quot;:[]},&quot;toggle_border_radius_tablet&quot;:{&quot;unit&quot;:&quot;px&quot;,&quot;size&quot;:&quot;&quot;,&quot;sizes&quot;:[]},&quot;toggle_border_radius_mobile&quot;:{&quot;unit&quot;:&quot;px&quot;,&quot;size&quot;:&quot;&quot;,&quot;sizes&quot;:[]}}\" data-widget_type=\"navigation-menu.default\">\n\t\t\t\t<div class=\"elementor-widget-container\">\n\t\t\t\t\t\t\t\t<div class=\"hfe-nav-menu hfe-layout-vertical hfe-nav-menu-layout vertical\" data-layout=\"vertical\">\n\t\t\t\t<div role=\"button\" class=\"hfe-nav-menu__toggle elementor-clickable\" tabindex=\"0\" aria-label=\"Menu Toggle\">\n\t\t\t\t\t<span class=\"screen-reader-text\">Menu<\/span>\n\t\t\t\t\t<div class=\"hfe-nav-menu-icon\">\n\t\t\t\t\t\t<i aria-hidden=\"true\"  class=\"fas fa-align-justify\"><\/i>\t\t\t\t\t<\/div>\n\t\t\t\t<\/div>\n\t\t\t\t<nav class=\"hfe-nav-menu__layout-vertical hfe-nav-menu__submenu-plus\" data-toggle-icon=\"&lt;i aria-hidden=&quot;true&quot; tabindex=&quot;0&quot; class=&quot;fas fa-align-justify&quot;&gt;&lt;\/i&gt;\" data-close-icon=\"&lt;i aria-hidden=&quot;true&quot; tabindex=&quot;0&quot; class=&quot;far fa-window-close&quot;&gt;&lt;\/i&gt;\" data-full-width=\"yes\">\n\t\t\t\t\t<ul id=\"menu-1-465f9dd7\" class=\"hfe-nav-menu\"><li id=\"menu-item-6543\" class=\"menu-item menu-item-type-taxonomy menu-item-object-product_cat menu-item-has-children parent hfe-has-submenu hfe-creative-menu\"><div class=\"hfe-has-submenu-container\" tabindex=\"0\" role=\"button\" aria-haspopup=\"true\" aria-expanded=\"false\"><a aria-expanded=\"false\" href=\"https:\/\/www.finnmachines.fi\/sv\/product_cat\/maskiner\/\" class = \"hfe-menu-item\">Maskiner<span class='hfe-menu-toggle sub-arrow hfe-menu-child-0'><i class='fa'><\/i><\/span><\/a><\/div>\n<ul class=\"sub-menu\">\n\t<li id=\"menu-item-6544\" class=\"menu-item menu-item-type-taxonomy menu-item-object-product_cat hfe-creative-menu\"><a href=\"https:\/\/www.finnmachines.fi\/sv\/product_cat\/gravmaskiner\/\" class = \"hfe-sub-menu-item\">Gr\u00e4vmaskiner<\/a><\/li>\n\t<li id=\"menu-item-6545\" class=\"menu-item menu-item-type-taxonomy menu-item-object-product_cat hfe-creative-menu\"><a href=\"https:\/\/www.finnmachines.fi\/sv\/product_cat\/vagnar\/\" class = \"hfe-sub-menu-item\">Vagnar och lavetter<\/a><\/li>\n\t<li id=\"menu-item-6546\" class=\"menu-item menu-item-type-taxonomy menu-item-object-product_cat hfe-creative-menu\"><a href=\"https:\/\/www.finnmachines.fi\/sv\/product_cat\/skogsmaskiner\/\" class = \"hfe-sub-menu-item\">Skogsmaskiner<\/a><\/li>\n<\/ul>\n<\/li>\n<li id=\"menu-item-6547\" class=\"menu-item menu-item-type-taxonomy menu-item-object-product_cat menu-item-has-children parent hfe-has-submenu hfe-creative-menu\"><div class=\"hfe-has-submenu-container\" tabindex=\"0\" role=\"button\" aria-haspopup=\"true\" aria-expanded=\"false\"><a aria-expanded=\"false\" href=\"https:\/\/www.finnmachines.fi\/sv\/product_cat\/redskap\/\" class = \"hfe-menu-item\">Redskap<span class='hfe-menu-toggle sub-arrow hfe-menu-child-0'><i class='fa'><\/i><\/span><\/a><\/div>\n<ul class=\"sub-menu\">\n\t<li id=\"menu-item-6550\" class=\"menu-item menu-item-type-taxonomy menu-item-object-product_cat menu-item-has-children hfe-has-submenu hfe-creative-menu\"><div class=\"hfe-has-submenu-container\" tabindex=\"0\" role=\"button\" aria-haspopup=\"true\" aria-expanded=\"false\"><a aria-expanded=\"false\" href=\"https:\/\/www.finnmachines.fi\/sv\/product_cat\/skopor\/\" class = \"hfe-sub-menu-item\">Skopor<span class='hfe-menu-toggle sub-arrow hfe-menu-child-1'><i class='fa'><\/i><\/span><\/a><\/div>\n\t<ul class=\"sub-menu\">\n\t\t<li id=\"menu-item-6553\" class=\"menu-item menu-item-type-taxonomy menu-item-object-product_cat hfe-creative-menu\"><a href=\"https:\/\/www.finnmachines.fi\/sv\/product_cat\/slantskopor\/\" class = \"hfe-sub-menu-item\">Sl\u00e4ntskopor<\/a><\/li>\n\t\t<li id=\"menu-item-6552\" class=\"menu-item menu-item-type-taxonomy menu-item-object-product_cat hfe-creative-menu\"><a href=\"https:\/\/www.finnmachines.fi\/sv\/product_cat\/djupgravningsskopor\/\" class = \"hfe-sub-menu-item\">Djupgr\u00e4vningsskopor<\/a><\/li>\n\t\t<li id=\"menu-item-6557\" class=\"menu-item menu-item-type-taxonomy menu-item-object-product_cat hfe-creative-menu\"><a href=\"https:\/\/www.finnmachines.fi\/sv\/product_cat\/utjamningsskopor\/\" class = \"hfe-sub-menu-item\">Utj\u00e4mningsskopor<\/a><\/li>\n\t\t<li id=\"menu-item-6551\" class=\"menu-item menu-item-type-taxonomy menu-item-object-product_cat hfe-creative-menu\"><a href=\"https:\/\/www.finnmachines.fi\/sv\/product_cat\/kabelskopor\/\" class = \"hfe-sub-menu-item\">Kabelskopor<\/a><\/li>\n\t\t<li id=\"menu-item-6555\" class=\"menu-item menu-item-type-taxonomy menu-item-object-product_cat hfe-creative-menu\"><a href=\"https:\/\/www.finnmachines.fi\/sv\/product_cat\/dikesskopor\/\" class = \"hfe-sub-menu-item\">Dikesskopr<\/a><\/li>\n\t\t<li id=\"menu-item-6554\" class=\"menu-item menu-item-type-taxonomy menu-item-object-product_cat hfe-creative-menu\"><a href=\"https:\/\/www.finnmachines.fi\/sv\/product_cat\/hoglaggningsskopor\/\" class = \"hfe-sub-menu-item\">H\u00f6gl\u00e4ggninsskopor<\/a><\/li>\n\t\t<li id=\"menu-item-6556\" class=\"menu-item menu-item-type-taxonomy menu-item-object-product_cat hfe-creative-menu\"><a href=\"https:\/\/www.finnmachines.fi\/sv\/product_cat\/siktskopor\/\" class = \"hfe-sub-menu-item\">Siktskopor<\/a><\/li>\n\t\t<li id=\"menu-item-7109\" class=\"menu-item menu-item-type-taxonomy menu-item-object-product_cat hfe-creative-menu\"><a href=\"https:\/\/www.finnmachines.fi\/sv\/product_cat\/grepar\/\" class = \"hfe-sub-menu-item\">Grepar<\/a><\/li>\n\t\t<li id=\"menu-item-7337\" class=\"menu-item menu-item-type-taxonomy menu-item-object-product_cat hfe-creative-menu\"><a href=\"https:\/\/www.finnmachines.fi\/sv\/product_cat\/asfalttileikkurit\/\" class = \"hfe-sub-menu-item\">Asfaltssk\u00e4rare<\/a><\/li>\n\t<\/ul>\n<\/li>\n\t<li id=\"menu-item-6558\" class=\"menu-item menu-item-type-taxonomy menu-item-object-product_cat menu-item-has-children hfe-has-submenu hfe-creative-menu\"><div class=\"hfe-has-submenu-container\" tabindex=\"0\" role=\"button\" aria-haspopup=\"true\" aria-expanded=\"false\"><a aria-expanded=\"false\" href=\"https:\/\/www.finnmachines.fi\/sv\/product_cat\/fasten-och-adaptrar\/\" class = \"hfe-sub-menu-item\">F\u00e4sten och Adaptrar<span class='hfe-menu-toggle sub-arrow hfe-menu-child-1'><i class='fa'><\/i><\/span><\/a><\/div>\n\t<ul class=\"sub-menu\">\n\t\t<li id=\"menu-item-7110\" class=\"menu-item menu-item-type-taxonomy menu-item-object-product_cat hfe-creative-menu\"><a href=\"https:\/\/www.finnmachines.fi\/sv\/product_cat\/snabbfasten\/\" class = \"hfe-sub-menu-item\">Snabbf\u00e4sten<\/a><\/li>\n\t\t<li id=\"menu-item-6560\" class=\"menu-item menu-item-type-taxonomy menu-item-object-product_cat hfe-creative-menu\"><a href=\"https:\/\/www.finnmachines.fi\/sv\/product_cat\/grindfasten\/\" class = \"hfe-sub-menu-item\">Grindf\u00e4sten<\/a><\/li>\n\t\t<li id=\"menu-item-6559\" class=\"menu-item menu-item-type-taxonomy menu-item-object-product_cat hfe-creative-menu\"><a href=\"https:\/\/www.finnmachines.fi\/sv\/product_cat\/adaptrar\/\" class = \"hfe-sub-menu-item\">Adaptrar<\/a><\/li>\n\t<\/ul>\n<\/li>\n\t<li id=\"menu-item-6548\" class=\"menu-item menu-item-type-taxonomy menu-item-object-product_cat hfe-creative-menu\"><a href=\"https:\/\/www.finnmachines.fi\/sv\/product_cat\/energigripar\/\" class = \"hfe-sub-menu-item\">Energigripar<\/a><\/li>\n\t<li id=\"menu-item-6549\" class=\"menu-item menu-item-type-taxonomy menu-item-object-product_cat hfe-creative-menu\"><a href=\"https:\/\/www.finnmachines.fi\/sv\/product_cat\/hydraulhammare\/\" class = \"hfe-sub-menu-item\">Hydraulhammare<\/a><\/li>\n\t<li id=\"menu-item-6561\" class=\"menu-item menu-item-type-taxonomy menu-item-object-product_cat menu-item-has-children hfe-has-submenu hfe-creative-menu\"><div class=\"hfe-has-submenu-container\" tabindex=\"0\" role=\"button\" aria-haspopup=\"true\" aria-expanded=\"false\"><a aria-expanded=\"false\" href=\"https:\/\/www.finnmachines.fi\/sv\/product_cat\/gripar\/\" class = \"hfe-sub-menu-item\">Gripar<span class='hfe-menu-toggle sub-arrow hfe-menu-child-1'><i class='fa'><\/i><\/span><\/a><\/div>\n\t<ul class=\"sub-menu\">\n\t\t<li id=\"menu-item-6562\" class=\"menu-item menu-item-type-taxonomy menu-item-object-product_cat hfe-creative-menu\"><a href=\"https:\/\/www.finnmachines.fi\/sv\/product_cat\/rivningsgripar\/\" class = \"hfe-sub-menu-item\">Rivningsgripar<\/a><\/li>\n\t\t<li id=\"menu-item-6563\" class=\"menu-item menu-item-type-taxonomy menu-item-object-product_cat hfe-creative-menu\"><a href=\"https:\/\/www.finnmachines.fi\/sv\/product_cat\/timmergripar\/\" class = \"hfe-sub-menu-item\">Timmergripar<\/a><\/li>\n\t<\/ul>\n<\/li>\n\t<li id=\"menu-item-6566\" class=\"menu-item menu-item-type-taxonomy menu-item-object-product_cat hfe-creative-menu\"><a href=\"https:\/\/www.finnmachines.fi\/sv\/product_cat\/tiltrotatorer\/\" class = \"hfe-sub-menu-item\">Tiltrotatorer<\/a><\/li>\n\t<li id=\"menu-item-6567\" class=\"menu-item menu-item-type-taxonomy menu-item-object-product_cat hfe-creative-menu\"><a href=\"https:\/\/www.finnmachines.fi\/sv\/product_cat\/tjalkrok\/\" class = \"hfe-sub-menu-item\">Tj\u00e4lkrok<\/a><\/li>\n<\/ul>\n<\/li>\n<li id=\"menu-item-6542\" class=\"menu-item menu-item-type-taxonomy menu-item-object-product_cat parent hfe-creative-menu\"><a href=\"https:\/\/www.finnmachines.fi\/sv\/product_cat\/begagnade-skopor\/\" class = \"hfe-menu-item\">Begagnade skopor<\/a><\/li>\n<li id=\"menu-item-6568\" class=\"menu-item menu-item-type-taxonomy menu-item-object-product_cat parent hfe-creative-menu\"><a href=\"https:\/\/www.finnmachines.fi\/sv\/product_cat\/demontering\/\" class = \"hfe-menu-item\">Demontering<\/a><\/li>\n<li id=\"menu-item-6569\" class=\"menu-item menu-item-type-taxonomy menu-item-object-product_cat menu-item-has-children parent hfe-has-submenu hfe-creative-menu\"><div class=\"hfe-has-submenu-container\" tabindex=\"0\" role=\"button\" aria-haspopup=\"true\" aria-expanded=\"false\"><a aria-expanded=\"false\" href=\"https:\/\/www.finnmachines.fi\/sv\/product_cat\/reservdelar\/\" class = \"hfe-menu-item\">Reservdelar<span class='hfe-menu-toggle sub-arrow hfe-menu-child-0'><i class='fa'><\/i><\/span><\/a><\/div>\n<ul class=\"sub-menu\">\n\t<li id=\"menu-item-6564\" class=\"menu-item menu-item-type-taxonomy menu-item-object-product_cat menu-item-has-children hfe-has-submenu hfe-creative-menu\"><div class=\"hfe-has-submenu-container\" tabindex=\"0\" role=\"button\" aria-haspopup=\"true\" aria-expanded=\"false\"><a aria-expanded=\"false\" href=\"https:\/\/www.finnmachines.fi\/sv\/product_cat\/slitdelar\/\" class = \"hfe-sub-menu-item\">Slitdelar<span class='hfe-menu-toggle sub-arrow hfe-menu-child-1'><i class='fa'><\/i><\/span><\/a><\/div>\n\t<ul class=\"sub-menu\">\n\t\t<li id=\"menu-item-6565\" class=\"menu-item menu-item-type-taxonomy menu-item-object-product_cat hfe-creative-menu\"><a href=\"https:\/\/www.finnmachines.fi\/sv\/product_cat\/skoptander\/\" class = \"hfe-sub-menu-item\">Skopt\u00e4nder<\/a><\/li>\n\t<\/ul>\n<\/li>\n\t<li id=\"menu-item-7245\" class=\"menu-item menu-item-type-taxonomy menu-item-object-product_cat hfe-creative-menu\"><a href=\"https:\/\/www.finnmachines.fi\/sv\/product_cat\/elektroniikka\/\" class = \"hfe-sub-menu-item\">Elektroniikka<\/a><\/li>\n\t<li id=\"menu-item-7246\" class=\"menu-item menu-item-type-taxonomy menu-item-object-product_cat hfe-creative-menu\"><a href=\"https:\/\/www.finnmachines.fi\/sv\/product_cat\/hydrauliikka\/\" class = \"hfe-sub-menu-item\">Hydrauliikka<\/a><\/li>\n\t<li id=\"menu-item-7247\" class=\"menu-item menu-item-type-taxonomy menu-item-object-product_cat hfe-creative-menu\"><a href=\"https:\/\/www.finnmachines.fi\/sv\/product_cat\/hytti\/\" class = \"hfe-sub-menu-item\">Hytti<\/a><\/li>\n<\/ul>\n<\/li>\n<\/ul> \n\t\t\t\t<\/nav>\n\t\t\t<\/div>\n\t\t\t\t\t\t\t<\/div>\n\t\t\t\t<\/div>\n\t\t\t\t<\/div>\n\t\t<div class=\"elementor-element elementor-element-31f202fb e-con-full e-flex e-con e-child\" data-id=\"31f202fb\" data-element_type=\"container\" data-e-type=\"container\">\n\t\t\t\t<div class=\"elementor-element elementor-element-2a303565 elementor-widget__width-initial elementor-products-grid elementor-wc-products elementor-show-pagination-border-yes elementor-widget elementor-widget-wc-archive-products\" data-id=\"2a303565\" data-element_type=\"widget\" data-e-type=\"widget\" data-widget_type=\"wc-archive-products.default\">\n\t\t\t\t<div class=\"elementor-widget-container\">\n\t\t\t\t\t<div class=\"elementor-nothing-found elementor-products-nothing-found\">It seems we can\u2019t find what you\u2019re looking for.<\/div>\t\t\t\t<\/div>\n\t\t\t\t<\/div>\n\t\t\t\t<\/div>\n\t\t\t\t<\/div>\n\t\t\t\t<\/div>\n\t\t","protected":false},"excerpt":{"rendered":"<p>Maanrakennuskoneet, lis\u00e4laitteet ja varaosat Suomessa Finn-Machines tarjoaa laadukkaat\u00a0maanrakennuskoneet, kest\u00e4v\u00e4t\u00a0kaivinkoneen lis\u00e4laitteet\u00a0sek\u00e4\u00a0uudet ja k\u00e4ytetyt varaosat\u00a0ammattilaisille ja harrastajille kaikkialla Suomessa. Valikoimaamme kuuluvat uudet ja k\u00e4ytetyt koneet, kauhat, hydrauliset lis\u00e4laitteet, pikaliittimet sek\u00e4 varaosat eri konemalleihin. Palvelemme niin urakoitsijoita, rakennusliikkeit\u00e4 kuin yksityishenkil\u00f6it\u00e4 ja harrastek\u00e4ytt\u00e4ji\u00e4. Toimitamme tuotteet luotettavasti koko Suomeen.Ota yhteytt\u00e4 ja pyyd\u00e4 tarjous. alv 0% alv 25,5% Kategoriat Menu Koneet [&hellip;]<\/p>\n","protected":false},"author":1,"featured_media":0,"parent":0,"menu_order":0,"comment_status":"closed","ping_status":"closed","template":"","meta":{"_acf_changed":false,"site-sidebar-layout":"no-sidebar","site-content-layout":"page-builder","ast-site-content-layout":"full-width-container","site-content-style":"default","site-sidebar-style":"default","ast-global-header-display":"","ast-banner-title-visibility":"","ast-main-header-display":"","ast-hfb-above-header-display":"","ast-hfb-below-header-display":"","ast-hfb-mobile-header-display":"","site-post-title":"","ast-breadcrumbs-content":"","ast-featured-img":"disabled","footer-sml-layout":"","ast-disable-related-posts":"","theme-transparent-header-meta":"","adv-header-id-meta":"","stick-header-meta":"","header-above-stick-meta":"","header-main-stick-meta":"","header-below-stick-meta":"","astra-migrate-meta-layouts":"set","ast-page-background-enabled":"default","ast-page-background-meta":{"desktop":{"background-color":"","background-image":"","background-repeat":"repeat","background-position":"center center","background-size":"auto","background-attachment":"scroll","background-type":"","background-media":"","overlay-type":"","overlay-color":"","overlay-opacity":"","overlay-gradient":""},"tablet":{"background-color":"","background-image":"","background-repeat":"repeat","background-position":"center center","background-size":"auto","background-attachment":"scroll","background-type":"","background-media":"","overlay-type":"","overlay-color":"","overlay-opacity":"","overlay-gradient":""},"mobile":{"background-color":"","background-image":"","background-repeat":"repeat","background-position":"center center","background-size":"auto","background-attachment":"scroll","background-type":"","background-media":"","overlay-type":"","overlay-color":"","overlay-opacity":"","overlay-gradient":""}},"ast-content-background-meta":{"desktop":{"background-color":"var(--ast-global-color-5)","background-image":"","background-repeat":"repeat","background-position":"center center","background-size":"auto","background-attachment":"scroll","background-type":"","background-media":"","overlay-type":"","overlay-color":"","overlay-opacity":"","overlay-gradient":""},"tablet":{"background-color":"var(--ast-global-color-5)","background-image":"","background-repeat":"repeat","background-position":"center center","background-size":"auto","background-attachment":"scroll","background-type":"","background-media":"","overlay-type":"","overlay-color":"","overlay-opacity":"","overlay-gradient":""},"mobile":{"background-color":"var(--ast-global-color-5)","background-image":"","background-repeat":"repeat","background-position":"center center","background-size":"auto","background-attachment":"scroll","background-type":"","background-media":"","overlay-type":"","overlay-color":"","overlay-opacity":"","overlay-gradient":""}},"footnotes":""},"class_list":["post-6632","page","type-page","status-publish","hentry"],"acf":[],"_links":{"self":[{"href":"https:\/\/www.finnmachines.fi\/sv\/wp-json\/wp\/v2\/pages\/6632","targetHints":{"allow":["GET"]}}],"collection":[{"href":"https:\/\/www.finnmachines.fi\/sv\/wp-json\/wp\/v2\/pages"}],"about":[{"href":"https:\/\/www.finnmachines.fi\/sv\/wp-json\/wp\/v2\/types\/page"}],"author":[{"embeddable":true,"href":"https:\/\/www.finnmachines.fi\/sv\/wp-json\/wp\/v2\/users\/1"}],"replies":[{"embeddable":true,"href":"https:\/\/www.finnmachines.fi\/sv\/wp-json\/wp\/v2\/comments?post=6632"}],"version-history":[{"count":4,"href":"https:\/\/www.finnmachines.fi\/sv\/wp-json\/wp\/v2\/pages\/6632\/revisions"}],"predecessor-version":[{"id":6637,"href":"https:\/\/www.finnmachines.fi\/sv\/wp-json\/wp\/v2\/pages\/6632\/revisions\/6637"}],"wp:attachment":[{"href":"https:\/\/www.finnmachines.fi\/sv\/wp-json\/wp\/v2\/media?parent=6632"}],"curies":[{"name":"wp","href":"https:\/\/api.w.org\/{rel}","templated":true}]}}