{"id":5896,"date":"2026-01-20T15:56:51","date_gmt":"2026-01-20T13:56:51","guid":{"rendered":"https:\/\/www.finnmachines.fi\/?post_type=product&#038;p=5896"},"modified":"2026-02-24T17:52:50","modified_gmt":"2026-02-24T15:52:50","slug":"new-holland-e-135-sr-lc","status":"publish","type":"product","link":"https:\/\/www.finnmachines.fi\/sv\/product\/new-holland-e-135-sr-lc\/","title":{"rendered":"New Holland E 135 SR LC"},"content":{"rendered":"<p>Siistikuntoinen E135SR-1ES<br \/>\nKaikki toimii niin kuin pit\u00e4\u00e4.<\/p>\n<p>Varusteet:<br \/>\n-lis\u00e4hydrauliikka<br \/>\n-hydraulinen S60 pikaliitin<br \/>\n-700mm laput<br \/>\n-led ty\u00f6valot<br \/>\n-uusi webasto asennettu 2026<br \/>\n-pohjapanssari<\/p>\n<p>&nbsp;<\/p>\n<p>Energiakoura ei kuuluu kauppaan, voi ostaa erikseen!<\/p>\n","protected":false},"excerpt":{"rendered":"<p>Siistikuntoinen E135SR-1ES Kaikki toimii niin kuin pit\u00e4\u00e4. Varusteet: -lis\u00e4hydrauliikka -hydraulinen S60 pikaliitin -700mm laput -led ty\u00f6valot -uusi webasto asennettu 2026 -pohjapanssari &nbsp; Energiakoura ei kuuluu kauppaan, voi ostaa erikseen!<\/p>\n","protected":false},"featured_media":7163,"comment_status":"open","ping_status":"closed","template":"","meta":{"_acf_changed":false,"site-sidebar-layout":"default","site-content-layout":"","ast-site-content-layout":"default","site-content-style":"default","site-sidebar-style":"default","ast-global-header-display":"","ast-banner-title-visibility":"","ast-main-header-display":"","ast-hfb-above-header-display":"","ast-hfb-below-header-display":"","ast-hfb-mobile-header-display":"","site-post-title":"","ast-breadcrumbs-content":"","ast-featured-img":"","footer-sml-layout":"","ast-disable-related-posts":"","theme-transparent-header-meta":"default","adv-header-id-meta":"","stick-header-meta":"","header-above-stick-meta":"","header-main-stick-meta":"","header-below-stick-meta":"","astra-migrate-meta-layouts":"set","ast-page-background-enabled":"default","ast-page-background-meta":{"desktop":{"background-color":"","background-image":"","background-repeat":"repeat","background-position":"center center","background-size":"auto","background-attachment":"scroll","background-type":"","background-media":"","overlay-type":"","overlay-color":"","overlay-opacity":"","overlay-gradient":""},"tablet":{"background-color":"","background-image":"","background-repeat":"repeat","background-position":"center center","background-size":"auto","background-attachment":"scroll","background-type":"","background-media":"","overlay-type":"","overlay-color":"","overlay-opacity":"","overlay-gradient":""},"mobile":{"background-color":"","background-image":"","background-repeat":"repeat","background-position":"center center","background-size":"auto","background-attachment":"scroll","background-type":"","background-media":"","overlay-type":"","overlay-color":"","overlay-opacity":"","overlay-gradient":""}},"ast-content-background-meta":{"desktop":{"background-color":"var(--ast-global-color-5)","background-image":"","background-repeat":"repeat","background-position":"center center","background-size":"auto","background-attachment":"scroll","background-type":"","background-media":"","overlay-type":"","overlay-color":"","overlay-opacity":"","overlay-gradient":""},"tablet":{"background-color":"var(--ast-global-color-5)","background-image":"","background-repeat":"repeat","background-position":"center center","background-size":"auto","background-attachment":"scroll","background-type":"","background-media":"","overlay-type":"","overlay-color":"","overlay-opacity":"","overlay-gradient":""},"mobile":{"background-color":"var(--ast-global-color-5)","background-image":"","background-repeat":"repeat","background-position":"center center","background-size":"auto","background-attachment":"scroll","background-type":"","background-media":"","overlay-type":"","overlay-color":"","overlay-opacity":"","overlay-gradient":""}}},"product_brand":[],"product_cat":[66,156],"product_tag":[],"class_list":{"0":"post-5896","1":"product","2":"type-product","3":"status-publish","4":"has-post-thumbnail","6":"product_cat-gravmaskiner","7":"product_cat-maskiner","8":"desktop-align-left","9":"tablet-align-left","10":"mobile-align-left","12":"first","13":"instock","14":"taxable","15":"shipping-taxable","16":"purchasable","17":"product-type-simple"},"acf":[],"_links":{"self":[{"href":"https:\/\/www.finnmachines.fi\/sv\/wp-json\/wp\/v2\/product\/5896","targetHints":{"allow":["GET"]}}],"collection":[{"href":"https:\/\/www.finnmachines.fi\/sv\/wp-json\/wp\/v2\/product"}],"about":[{"href":"https:\/\/www.finnmachines.fi\/sv\/wp-json\/wp\/v2\/types\/product"}],"replies":[{"embeddable":true,"href":"https:\/\/www.finnmachines.fi\/sv\/wp-json\/wp\/v2\/comments?post=5896"}],"version-history":[{"count":4,"href":"https:\/\/www.finnmachines.fi\/sv\/wp-json\/wp\/v2\/product\/5896\/revisions"}],"predecessor-version":[{"id":7170,"href":"https:\/\/www.finnmachines.fi\/sv\/wp-json\/wp\/v2\/product\/5896\/revisions\/7170"}],"wp:featuredmedia":[{"embeddable":true,"href":"https:\/\/www.finnmachines.fi\/sv\/wp-json\/wp\/v2\/media\/7163"}],"wp:attachment":[{"href":"https:\/\/www.finnmachines.fi\/sv\/wp-json\/wp\/v2\/media?parent=5896"}],"wp:term":[{"taxonomy":"product_brand","embeddable":true,"href":"https:\/\/www.finnmachines.fi\/sv\/wp-json\/wp\/v2\/product_brand?post=5896"},{"taxonomy":"product_cat","embeddable":true,"href":"https:\/\/www.finnmachines.fi\/sv\/wp-json\/wp\/v2\/product_cat?post=5896"},{"taxonomy":"product_tag","embeddable":true,"href":"https:\/\/www.finnmachines.fi\/sv\/wp-json\/wp\/v2\/product_tag?post=5896"}],"curies":[{"name":"wp","href":"https:\/\/api.w.org\/{rel}","templated":true}]}}