{"id":6309,"date":"2026-02-06T13:26:07","date_gmt":"2026-02-06T11:26:07","guid":{"rendered":"https:\/\/www.finnmachines.fi\/?post_type=product&#038;p=6309"},"modified":"2026-03-07T14:16:26","modified_gmt":"2026-03-07T12:16:26","slug":"luiskakauha-1850mm-ntp10","status":"publish","type":"product","link":"https:\/\/www.finnmachines.fi\/sv\/product\/luiskakauha-1850mm-ntp10\/","title":{"rendered":"Luiskakauha 1850mm NTP10"},"content":{"rendered":"<p>J\u00e4re\u00e4 kotimainen luiskakauha! Monik\u00e4ytt\u00f6inen ja kest\u00e4v\u00e4 kauha luiskien muotoiluun, ojien viimeistelyyn sek\u00e4 maan tasaukseen. 1850 mm leveys mahdollistaa tehokkaan ty\u00f6skentelyn ja siistin lopputuloksen niin tienvarsilla kuin maarakennuskohteissa. Soveltuu erinomaisesti kunnossapitoon, ojien perkuuseen sek\u00e4 piharakentamiseen.<\/p>\n<ul>\n<li id=\"product-description\">Kiinnike NTP10<\/li>\n<li>Leveys 1850 mm<\/li>\n<li>Tilavuus 1000 L<\/li>\n<li>Paino 900 kg<\/li>\n<li>Konesuositus 18-24 ton<\/li>\n<\/ul>\n","protected":false},"excerpt":{"rendered":"<p>J\u00e4re\u00e4 kotimainen luiskakauha! Monik\u00e4ytt\u00f6inen ja kest\u00e4v\u00e4 kauha luiskien muotoiluun, ojien viimeistelyyn sek\u00e4 maan tasaukseen. 1850 mm leveys mahdollistaa tehokkaan ty\u00f6skentelyn ja siistin lopputuloksen niin tienvarsilla kuin maarakennuskohteissa. Soveltuu erinomaisesti kunnossapitoon, ojien perkuuseen sek\u00e4 piharakentamiseen. Kiinnike NTP10 Leveys 1850 mm Tilavuus 1000 L Paino 900 kg Konesuositus 18-24 ton<\/p>\n","protected":false},"featured_media":6313,"comment_status":"open","ping_status":"closed","template":"","meta":{"_acf_changed":false,"site-sidebar-layout":"default","site-content-layout":"","ast-site-content-layout":"default","site-content-style":"default","site-sidebar-style":"default","ast-global-header-display":"","ast-banner-title-visibility":"","ast-main-header-display":"","ast-hfb-above-header-display":"","ast-hfb-below-header-display":"","ast-hfb-mobile-header-display":"","site-post-title":"","ast-breadcrumbs-content":"","ast-featured-img":"","footer-sml-layout":"","ast-disable-related-posts":"","theme-transparent-header-meta":"default","adv-header-id-meta":"","stick-header-meta":"","header-above-stick-meta":"","header-main-stick-meta":"","header-below-stick-meta":"","astra-migrate-meta-layouts":"set","ast-page-background-enabled":"default","ast-page-background-meta":{"desktop":{"background-color":"","background-image":"","background-repeat":"repeat","background-position":"center center","background-size":"auto","background-attachment":"scroll","background-type":"","background-media":"","overlay-type":"","overlay-color":"","overlay-opacity":"","overlay-gradient":""},"tablet":{"background-color":"","background-image":"","background-repeat":"repeat","background-position":"center center","background-size":"auto","background-attachment":"scroll","background-type":"","background-media":"","overlay-type":"","overlay-color":"","overlay-opacity":"","overlay-gradient":""},"mobile":{"background-color":"","background-image":"","background-repeat":"repeat","background-position":"center center","background-size":"auto","background-attachment":"scroll","background-type":"","background-media":"","overlay-type":"","overlay-color":"","overlay-opacity":"","overlay-gradient":""}},"ast-content-background-meta":{"desktop":{"background-color":"var(--ast-global-color-5)","background-image":"","background-repeat":"repeat","background-position":"center center","background-size":"auto","background-attachment":"scroll","background-type":"","background-media":"","overlay-type":"","overlay-color":"","overlay-opacity":"","overlay-gradient":""},"tablet":{"background-color":"var(--ast-global-color-5)","background-image":"","background-repeat":"repeat","background-position":"center center","background-size":"auto","background-attachment":"scroll","background-type":"","background-media":"","overlay-type":"","overlay-color":"","overlay-opacity":"","overlay-gradient":""},"mobile":{"background-color":"var(--ast-global-color-5)","background-image":"","background-repeat":"repeat","background-position":"center center","background-size":"auto","background-attachment":"scroll","background-type":"","background-media":"","overlay-type":"","overlay-color":"","overlay-opacity":"","overlay-gradient":""}}},"product_brand":[69],"product_cat":[68,158,67],"product_tag":[],"class_list":{"0":"post-6309","1":"product","2":"type-product","3":"status-publish","4":"has-post-thumbnail","6":"product_brand-latvala","7":"product_cat-skopor","8":"product_cat-redskap","9":"product_cat-slantskopor","10":"desktop-align-left","11":"tablet-align-left","12":"mobile-align-left","14":"first","15":"instock","16":"taxable","17":"shipping-taxable","18":"purchasable","19":"product-type-simple"},"acf":[],"_links":{"self":[{"href":"https:\/\/www.finnmachines.fi\/sv\/wp-json\/wp\/v2\/product\/6309","targetHints":{"allow":["GET"]}}],"collection":[{"href":"https:\/\/www.finnmachines.fi\/sv\/wp-json\/wp\/v2\/product"}],"about":[{"href":"https:\/\/www.finnmachines.fi\/sv\/wp-json\/wp\/v2\/types\/product"}],"replies":[{"embeddable":true,"href":"https:\/\/www.finnmachines.fi\/sv\/wp-json\/wp\/v2\/comments?post=6309"}],"version-history":[{"count":9,"href":"https:\/\/www.finnmachines.fi\/sv\/wp-json\/wp\/v2\/product\/6309\/revisions"}],"predecessor-version":[{"id":7291,"href":"https:\/\/www.finnmachines.fi\/sv\/wp-json\/wp\/v2\/product\/6309\/revisions\/7291"}],"wp:featuredmedia":[{"embeddable":true,"href":"https:\/\/www.finnmachines.fi\/sv\/wp-json\/wp\/v2\/media\/6313"}],"wp:attachment":[{"href":"https:\/\/www.finnmachines.fi\/sv\/wp-json\/wp\/v2\/media?parent=6309"}],"wp:term":[{"taxonomy":"product_brand","embeddable":true,"href":"https:\/\/www.finnmachines.fi\/sv\/wp-json\/wp\/v2\/product_brand?post=6309"},{"taxonomy":"product_cat","embeddable":true,"href":"https:\/\/www.finnmachines.fi\/sv\/wp-json\/wp\/v2\/product_cat?post=6309"},{"taxonomy":"product_tag","embeddable":true,"href":"https:\/\/www.finnmachines.fi\/sv\/wp-json\/wp\/v2\/product_tag?post=6309"}],"curies":[{"name":"wp","href":"https:\/\/api.w.org\/{rel}","templated":true}]}}