{"id":6965,"date":"2026-02-16T17:32:04","date_gmt":"2026-02-16T15:32:04","guid":{"rendered":"https:\/\/www.finnmachines.fi\/?post_type=product&#038;p=6965"},"modified":"2026-02-16T18:32:32","modified_gmt":"2026-02-16T16:32:32","slug":"luiskakauha-1400mm-s45","status":"publish","type":"product","link":"https:\/\/www.finnmachines.fi\/sv\/product\/luiskakauha-1400mm-s45\/","title":{"rendered":"Luiskakauha 1400mm S45"},"content":{"rendered":"<p data-start=\"111\" data-end=\"384\">Kompakti ja monik\u00e4ytt\u00f6inen kauha luiskien muotoiluun, ojien viimeistelyyn sek\u00e4 maan tasaukseen. 1400 mm leveys tekee siit\u00e4 erinomaisen valinnan pienempiin ja keskikokoisiin kaivinkoneisiin, joissa vaaditaan tarkkuutta ja hyv\u00e4\u00e4 hallittavuutta. Soveltuu erityisesti piharakentamiseen, tienvarsien kunnossapitoon ja viimeistelyt\u00f6ihin.<\/p>\n<ul>\n<li data-start=\"111\" data-end=\"384\">S45 kiinnike<\/li>\n<li data-start=\"111\" data-end=\"384\">Sile\u00e4 hardox pohja<\/li>\n<li data-start=\"111\" data-end=\"384\">Konesuositus 6-10 ton<\/li>\n<\/ul>\n","protected":false},"excerpt":{"rendered":"<p>Kompakti ja monik\u00e4ytt\u00f6inen kauha luiskien muotoiluun, ojien viimeistelyyn sek\u00e4 maan tasaukseen. 1400 mm leveys tekee siit\u00e4 erinomaisen valinnan pienempiin ja keskikokoisiin kaivinkoneisiin, joissa vaaditaan tarkkuutta ja hyv\u00e4\u00e4 hallittavuutta. Soveltuu erityisesti piharakentamiseen, tienvarsien kunnossapitoon ja viimeistelyt\u00f6ihin. S45 kiinnike Sile\u00e4 hardox pohja Konesuositus 6-10 ton<\/p>\n","protected":false},"featured_media":6975,"comment_status":"open","ping_status":"closed","template":"","meta":{"_acf_changed":false,"site-sidebar-layout":"default","site-content-layout":"","ast-site-content-layout":"default","site-content-style":"default","site-sidebar-style":"default","ast-global-header-display":"","ast-banner-title-visibility":"","ast-main-header-display":"","ast-hfb-above-header-display":"","ast-hfb-below-header-display":"","ast-hfb-mobile-header-display":"","site-post-title":"","ast-breadcrumbs-content":"","ast-featured-img":"","footer-sml-layout":"","ast-disable-related-posts":"","theme-transparent-header-meta":"default","adv-header-id-meta":"","stick-header-meta":"","header-above-stick-meta":"","header-main-stick-meta":"","header-below-stick-meta":"","astra-migrate-meta-layouts":"set","ast-page-background-enabled":"default","ast-page-background-meta":{"desktop":{"background-color":"","background-image":"","background-repeat":"repeat","background-position":"center center","background-size":"auto","background-attachment":"scroll","background-type":"","background-media":"","overlay-type":"","overlay-color":"","overlay-opacity":"","overlay-gradient":""},"tablet":{"background-color":"","background-image":"","background-repeat":"repeat","background-position":"center center","background-size":"auto","background-attachment":"scroll","background-type":"","background-media":"","overlay-type":"","overlay-color":"","overlay-opacity":"","overlay-gradient":""},"mobile":{"background-color":"","background-image":"","background-repeat":"repeat","background-position":"center center","background-size":"auto","background-attachment":"scroll","background-type":"","background-media":"","overlay-type":"","overlay-color":"","overlay-opacity":"","overlay-gradient":""}},"ast-content-background-meta":{"desktop":{"background-color":"var(--ast-global-color-5)","background-image":"","background-repeat":"repeat","background-position":"center center","background-size":"auto","background-attachment":"scroll","background-type":"","background-media":"","overlay-type":"","overlay-color":"","overlay-opacity":"","overlay-gradient":""},"tablet":{"background-color":"var(--ast-global-color-5)","background-image":"","background-repeat":"repeat","background-position":"center center","background-size":"auto","background-attachment":"scroll","background-type":"","background-media":"","overlay-type":"","overlay-color":"","overlay-opacity":"","overlay-gradient":""},"mobile":{"background-color":"var(--ast-global-color-5)","background-image":"","background-repeat":"repeat","background-position":"center center","background-size":"auto","background-attachment":"scroll","background-type":"","background-media":"","overlay-type":"","overlay-color":"","overlay-opacity":"","overlay-gradient":""}}},"product_brand":[],"product_cat":[158,67],"product_tag":[],"class_list":{"0":"post-6965","1":"product","2":"type-product","3":"status-publish","4":"has-post-thumbnail","6":"product_cat-redskap","7":"product_cat-slantskopor","8":"desktop-align-left","9":"tablet-align-left","10":"mobile-align-left","12":"first","13":"instock","14":"taxable","15":"shipping-taxable","16":"purchasable","17":"product-type-simple"},"acf":[],"_links":{"self":[{"href":"https:\/\/www.finnmachines.fi\/sv\/wp-json\/wp\/v2\/product\/6965","targetHints":{"allow":["GET"]}}],"collection":[{"href":"https:\/\/www.finnmachines.fi\/sv\/wp-json\/wp\/v2\/product"}],"about":[{"href":"https:\/\/www.finnmachines.fi\/sv\/wp-json\/wp\/v2\/types\/product"}],"replies":[{"embeddable":true,"href":"https:\/\/www.finnmachines.fi\/sv\/wp-json\/wp\/v2\/comments?post=6965"}],"version-history":[{"count":3,"href":"https:\/\/www.finnmachines.fi\/sv\/wp-json\/wp\/v2\/product\/6965\/revisions"}],"predecessor-version":[{"id":6983,"href":"https:\/\/www.finnmachines.fi\/sv\/wp-json\/wp\/v2\/product\/6965\/revisions\/6983"}],"wp:featuredmedia":[{"embeddable":true,"href":"https:\/\/www.finnmachines.fi\/sv\/wp-json\/wp\/v2\/media\/6975"}],"wp:attachment":[{"href":"https:\/\/www.finnmachines.fi\/sv\/wp-json\/wp\/v2\/media?parent=6965"}],"wp:term":[{"taxonomy":"product_brand","embeddable":true,"href":"https:\/\/www.finnmachines.fi\/sv\/wp-json\/wp\/v2\/product_brand?post=6965"},{"taxonomy":"product_cat","embeddable":true,"href":"https:\/\/www.finnmachines.fi\/sv\/wp-json\/wp\/v2\/product_cat?post=6965"},{"taxonomy":"product_tag","embeddable":true,"href":"https:\/\/www.finnmachines.fi\/sv\/wp-json\/wp\/v2\/product_tag?post=6965"}],"curies":[{"name":"wp","href":"https:\/\/api.w.org\/{rel}","templated":true}]}}