{"id":6984,"date":"2026-02-16T17:42:48","date_gmt":"2026-02-16T15:42:48","guid":{"rendered":"https:\/\/www.finnmachines.fi\/?post_type=product&#038;p=6984"},"modified":"2026-03-09T16:58:46","modified_gmt":"2026-03-09T14:58:46","slug":"seulakauha-1800mm-s60","status":"publish","type":"product","link":"https:\/\/www.finnmachines.fi\/sv\/product\/seulakauha-1800mm-s60\/","title":{"rendered":"Seulakauha 1800mm S60"},"content":{"rendered":"<p>Laadukas kotimainen kauha! Leve\u00e4 ja tehokas kauha materiaalin seulontaan ja lajitteluun. Suuri 1800 mm ty\u00f6leveys mahdollistaa korkean kapasiteetin ja nopean ty\u00f6skentelyn vaativillakin ty\u00f6mailla. Soveltuu erinomaisesti maan, soran, kivien ja purkumateriaalin k\u00e4sittelyyn.<\/p>\n<ul>\n<li>S60 kiinnike<\/li>\n<li>Seulav\u00e4li 100mm<\/li>\n<li>Paino 660 kg<\/li>\n<\/ul>\n","protected":false},"excerpt":{"rendered":"<p>Laadukas kotimainen kauha! Leve\u00e4 ja tehokas kauha materiaalin seulontaan ja lajitteluun. Suuri 1800 mm ty\u00f6leveys mahdollistaa korkean kapasiteetin ja nopean ty\u00f6skentelyn vaativillakin ty\u00f6mailla. Soveltuu erinomaisesti maan, soran, kivien ja purkumateriaalin k\u00e4sittelyyn. S60 kiinnike Seulav\u00e4li 100mm Paino 660 kg<\/p>\n","protected":false},"featured_media":7015,"comment_status":"open","ping_status":"closed","template":"","meta":{"_acf_changed":false,"site-sidebar-layout":"default","site-content-layout":"","ast-site-content-layout":"default","site-content-style":"default","site-sidebar-style":"default","ast-global-header-display":"","ast-banner-title-visibility":"","ast-main-header-display":"","ast-hfb-above-header-display":"","ast-hfb-below-header-display":"","ast-hfb-mobile-header-display":"","site-post-title":"","ast-breadcrumbs-content":"","ast-featured-img":"","footer-sml-layout":"","ast-disable-related-posts":"","theme-transparent-header-meta":"default","adv-header-id-meta":"","stick-header-meta":"","header-above-stick-meta":"","header-main-stick-meta":"","header-below-stick-meta":"","astra-migrate-meta-layouts":"set","ast-page-background-enabled":"default","ast-page-background-meta":{"desktop":{"background-color":"","background-image":"","background-repeat":"repeat","background-position":"center center","background-size":"auto","background-attachment":"scroll","background-type":"","background-media":"","overlay-type":"","overlay-color":"","overlay-opacity":"","overlay-gradient":""},"tablet":{"background-color":"","background-image":"","background-repeat":"repeat","background-position":"center center","background-size":"auto","background-attachment":"scroll","background-type":"","background-media":"","overlay-type":"","overlay-color":"","overlay-opacity":"","overlay-gradient":""},"mobile":{"background-color":"","background-image":"","background-repeat":"repeat","background-position":"center center","background-size":"auto","background-attachment":"scroll","background-type":"","background-media":"","overlay-type":"","overlay-color":"","overlay-opacity":"","overlay-gradient":""}},"ast-content-background-meta":{"desktop":{"background-color":"var(--ast-global-color-5)","background-image":"","background-repeat":"repeat","background-position":"center center","background-size":"auto","background-attachment":"scroll","background-type":"","background-media":"","overlay-type":"","overlay-color":"","overlay-opacity":"","overlay-gradient":""},"tablet":{"background-color":"var(--ast-global-color-5)","background-image":"","background-repeat":"repeat","background-position":"center center","background-size":"auto","background-attachment":"scroll","background-type":"","background-media":"","overlay-type":"","overlay-color":"","overlay-opacity":"","overlay-gradient":""},"mobile":{"background-color":"var(--ast-global-color-5)","background-image":"","background-repeat":"repeat","background-position":"center center","background-size":"auto","background-attachment":"scroll","background-type":"","background-media":"","overlay-type":"","overlay-color":"","overlay-opacity":"","overlay-gradient":""}}},"product_brand":[69],"product_cat":[158,172],"product_tag":[],"class_list":{"0":"post-6984","1":"product","2":"type-product","3":"status-publish","4":"has-post-thumbnail","6":"product_brand-latvala","7":"product_cat-redskap","8":"product_cat-siktskopor","9":"desktop-align-left","10":"tablet-align-left","11":"mobile-align-left","13":"first","14":"instock","15":"taxable","16":"shipping-taxable","17":"purchasable","18":"product-type-simple"},"acf":[],"_links":{"self":[{"href":"https:\/\/www.finnmachines.fi\/sv\/wp-json\/wp\/v2\/product\/6984","targetHints":{"allow":["GET"]}}],"collection":[{"href":"https:\/\/www.finnmachines.fi\/sv\/wp-json\/wp\/v2\/product"}],"about":[{"href":"https:\/\/www.finnmachines.fi\/sv\/wp-json\/wp\/v2\/types\/product"}],"replies":[{"embeddable":true,"href":"https:\/\/www.finnmachines.fi\/sv\/wp-json\/wp\/v2\/comments?post=6984"}],"version-history":[{"count":5,"href":"https:\/\/www.finnmachines.fi\/sv\/wp-json\/wp\/v2\/product\/6984\/revisions"}],"predecessor-version":[{"id":7296,"href":"https:\/\/www.finnmachines.fi\/sv\/wp-json\/wp\/v2\/product\/6984\/revisions\/7296"}],"wp:featuredmedia":[{"embeddable":true,"href":"https:\/\/www.finnmachines.fi\/sv\/wp-json\/wp\/v2\/media\/7015"}],"wp:attachment":[{"href":"https:\/\/www.finnmachines.fi\/sv\/wp-json\/wp\/v2\/media?parent=6984"}],"wp:term":[{"taxonomy":"product_brand","embeddable":true,"href":"https:\/\/www.finnmachines.fi\/sv\/wp-json\/wp\/v2\/product_brand?post=6984"},{"taxonomy":"product_cat","embeddable":true,"href":"https:\/\/www.finnmachines.fi\/sv\/wp-json\/wp\/v2\/product_cat?post=6984"},{"taxonomy":"product_tag","embeddable":true,"href":"https:\/\/www.finnmachines.fi\/sv\/wp-json\/wp\/v2\/product_tag?post=6984"}],"curies":[{"name":"wp","href":"https:\/\/api.w.org\/{rel}","templated":true}]}}