{"id":7856,"date":"2026-04-30T23:34:01","date_gmt":"2026-04-30T20:34:01","guid":{"rendered":"https:\/\/www.finnmachines.fi\/?post_type=product&#038;p=7856"},"modified":"2026-04-30T23:36:20","modified_gmt":"2026-04-30T20:36:20","slug":"luiskakauha-1850mm-s70-roto","status":"publish","type":"product","link":"https:\/\/www.finnmachines.fi\/sv\/product\/luiskakauha-1850mm-s70-roto\/","title":{"rendered":"Luiskakauha 1850mm S70 Roto"},"content":{"rendered":"<p>J\u00e4re\u00e4 kotimainen roto-luiskakauha! Monik\u00e4ytt\u00f6inen ja kest\u00e4v\u00e4 kauha luiskien muotoiluun, ojien viimeistelyyn sek\u00e4 maan tasaukseen. 1850 mm leveys mahdollistaa tehokkaan ty\u00f6skentelyn ja siistin lopputuloksen niin tienvarsilla kuin maarakennuskohteissa. Soveltuu erinomaisesti kunnossapitoon, ojien perkuuseen sek\u00e4 piharakentamiseen.<\/p>\n<ul>\n<li id=\"product-description\">Kiinnike S70<\/li>\n<li>Leveys 1850 mm<\/li>\n<li>Tilavuus 1000 L<\/li>\n<li>Paino 900 kg<\/li>\n<li>Konesuositus 18-24 ton<\/li>\n<li>Upotettu kansi, toimii my\u00f6s pihtikasetin kanssa<\/li>\n<\/ul>\n","protected":false},"excerpt":{"rendered":"<p>J\u00e4re\u00e4 kotimainen roto-luiskakauha! Monik\u00e4ytt\u00f6inen ja kest\u00e4v\u00e4 kauha luiskien muotoiluun, ojien viimeistelyyn sek\u00e4 maan tasaukseen. 1850 mm leveys mahdollistaa tehokkaan ty\u00f6skentelyn ja siistin lopputuloksen niin tienvarsilla kuin maarakennuskohteissa. Soveltuu erinomaisesti kunnossapitoon, ojien perkuuseen sek\u00e4 piharakentamiseen. Kiinnike S70 Leveys 1850 mm Tilavuus 1000 L Paino 900 kg Konesuositus 18-24 ton Upotettu kansi, toimii my\u00f6s pihtikasetin kanssa<\/p>\n","protected":false},"featured_media":7858,"comment_status":"open","ping_status":"closed","template":"","meta":{"_acf_changed":false,"site-sidebar-layout":"default","site-content-layout":"","ast-site-content-layout":"default","site-content-style":"default","site-sidebar-style":"default","ast-global-header-display":"","ast-banner-title-visibility":"","ast-main-header-display":"","ast-hfb-above-header-display":"","ast-hfb-below-header-display":"","ast-hfb-mobile-header-display":"","site-post-title":"","ast-breadcrumbs-content":"","ast-featured-img":"","footer-sml-layout":"","ast-disable-related-posts":"","theme-transparent-header-meta":"default","adv-header-id-meta":"","stick-header-meta":"","header-above-stick-meta":"","header-main-stick-meta":"","header-below-stick-meta":"","astra-migrate-meta-layouts":"set","ast-page-background-enabled":"default","ast-page-background-meta":{"desktop":{"background-color":"","background-image":"","background-repeat":"repeat","background-position":"center center","background-size":"auto","background-attachment":"scroll","background-type":"","background-media":"","overlay-type":"","overlay-color":"","overlay-opacity":"","overlay-gradient":""},"tablet":{"background-color":"","background-image":"","background-repeat":"repeat","background-position":"center center","background-size":"auto","background-attachment":"scroll","background-type":"","background-media":"","overlay-type":"","overlay-color":"","overlay-opacity":"","overlay-gradient":""},"mobile":{"background-color":"","background-image":"","background-repeat":"repeat","background-position":"center center","background-size":"auto","background-attachment":"scroll","background-type":"","background-media":"","overlay-type":"","overlay-color":"","overlay-opacity":"","overlay-gradient":""}},"ast-content-background-meta":{"desktop":{"background-color":"var(--ast-global-color-5)","background-image":"","background-repeat":"repeat","background-position":"center center","background-size":"auto","background-attachment":"scroll","background-type":"","background-media":"","overlay-type":"","overlay-color":"","overlay-opacity":"","overlay-gradient":""},"tablet":{"background-color":"var(--ast-global-color-5)","background-image":"","background-repeat":"repeat","background-position":"center center","background-size":"auto","background-attachment":"scroll","background-type":"","background-media":"","overlay-type":"","overlay-color":"","overlay-opacity":"","overlay-gradient":""},"mobile":{"background-color":"var(--ast-global-color-5)","background-image":"","background-repeat":"repeat","background-position":"center center","background-size":"auto","background-attachment":"scroll","background-type":"","background-media":"","overlay-type":"","overlay-color":"","overlay-opacity":"","overlay-gradient":""}}},"product_brand":[69],"product_cat":[67],"product_tag":[],"class_list":{"0":"post-7856","1":"product","2":"type-product","3":"status-publish","4":"has-post-thumbnail","6":"product_brand-latvala","7":"product_cat-slantskopor","8":"desktop-align-left","9":"tablet-align-left","10":"mobile-align-left","12":"first","13":"instock","14":"taxable","15":"shipping-taxable","16":"purchasable","17":"product-type-simple"},"acf":[],"_links":{"self":[{"href":"https:\/\/www.finnmachines.fi\/sv\/wp-json\/wp\/v2\/product\/7856","targetHints":{"allow":["GET"]}}],"collection":[{"href":"https:\/\/www.finnmachines.fi\/sv\/wp-json\/wp\/v2\/product"}],"about":[{"href":"https:\/\/www.finnmachines.fi\/sv\/wp-json\/wp\/v2\/types\/product"}],"replies":[{"embeddable":true,"href":"https:\/\/www.finnmachines.fi\/sv\/wp-json\/wp\/v2\/comments?post=7856"}],"version-history":[{"count":2,"href":"https:\/\/www.finnmachines.fi\/sv\/wp-json\/wp\/v2\/product\/7856\/revisions"}],"predecessor-version":[{"id":7864,"href":"https:\/\/www.finnmachines.fi\/sv\/wp-json\/wp\/v2\/product\/7856\/revisions\/7864"}],"wp:featuredmedia":[{"embeddable":true,"href":"https:\/\/www.finnmachines.fi\/sv\/wp-json\/wp\/v2\/media\/7858"}],"wp:attachment":[{"href":"https:\/\/www.finnmachines.fi\/sv\/wp-json\/wp\/v2\/media?parent=7856"}],"wp:term":[{"taxonomy":"product_brand","embeddable":true,"href":"https:\/\/www.finnmachines.fi\/sv\/wp-json\/wp\/v2\/product_brand?post=7856"},{"taxonomy":"product_cat","embeddable":true,"href":"https:\/\/www.finnmachines.fi\/sv\/wp-json\/wp\/v2\/product_cat?post=7856"},{"taxonomy":"product_tag","embeddable":true,"href":"https:\/\/www.finnmachines.fi\/sv\/wp-json\/wp\/v2\/product_tag?post=7856"}],"curies":[{"name":"wp","href":"https:\/\/api.w.org\/{rel}","templated":true}]}}